{"id":1168,"date":"2019-11-08T18:42:23","date_gmt":"2019-11-08T17:42:23","guid":{"rendered":"http:\/\/iksi.strony.uw.edu.pl\/?page_id=1168"},"modified":"2026-03-13T10:53:21","modified_gmt":"2026-03-13T09:53:21","slug":"kontakt","status":"publish","type":"page","link":"http:\/\/iksi.uw.edu.pl\/de\/kontakt\/","title":{"rendered":"Kontakt"},"content":{"rendered":"Institut f\u00fcr Fach- und Interkulturelle Kommunikation<\/p>\n<p>ul. Dobra 55<br \/>\n00-312 Warschau<br \/>\ne-mail: <a href=\"mailto:iksi@uw.edu.pl\">iksi@uw.edu.pl<\/a><\/p>\n<div class=\"su-expand su-expand-collapsed su-expand-link-style-default\" data-height=\"20\"><div class=\"su-expand-content su-u-trim\" style=\"color:#03325c;max-height:20px;overflow:hidden\"><span class=\"su-highlight\" style=\"background:#00BCFF;color:#000000\">&nbsp;Alarmtelefone&nbsp;<\/span>\n<div class=\"su-service\"><div class=\"su-service-title\" style=\"padding-left:39px;min-height:25px;line-height:25px\"><i class=\"sui sui-wrench\" style=\"font-size:25px;color:#03325c\"><\/i> T\u00fcrprobleme (R\u00e4ume und H\u00f6rs\u00e4le)<\/div><div class=\"su-service-content su-u-clearfix su-u-trim\" style=\"padding-left:39px\"><a href=\"tel:+48225526028\">22 55 26 028<\/a><\/div><\/div>\n<div class=\"su-service\"><div class=\"su-service-title\" style=\"padding-left:39px;min-height:25px;line-height:25px\"><i class=\"sui sui-plug\" style=\"font-size:25px;color:#03325c\"><\/i> Probleme mit Computern\/Audio-Video-Ger\u00e4ten in Klassenzimmern<\/div><div class=\"su-service-content su-u-clearfix su-u-trim\" style=\"padding-left:39px\"><a href=\"tel:+48225526026\">22 55 26 026<\/a><\/div><\/div>\n<div class=\"su-service\"><div class=\"su-service-title\" style=\"padding-left:39px;min-height:25px;line-height:25px\"><i class=\"sui sui-warning\" style=\"font-size:25px;color:#03325c\"><\/i> Gef\u00e4hrliche Situation<\/div><div class=\"su-service-content su-u-clearfix su-u-trim\" style=\"padding-left:39px\">\nUW-Wache, Zentralcampus \u2013 Schichtkommandant (24 Stunden am Tag): <a href=\"tel:+48225520341\">22 55 20 341<\/a><br \/>\nLeiter der Wache der Universit\u00e4t Warschau: <a href=\"tel:+48606739717\">606 739 717<\/a><br \/>\nStellvertretender Leiter der Wache der Universit\u00e4t Warschau: <a href=\"tel:+48609875424\">609 875 424<\/a><\/p>\n<\/div><\/div>\n<div class=\"su-service\"><div class=\"su-service-title\" style=\"padding-left:39px;min-height:25px;line-height:25px\"><i class=\"sui sui-ambulance\" style=\"font-size:25px;color:#03325c\"><\/i> Notdienste<\/div><div class=\"su-service-content su-u-clearfix su-u-trim\" style=\"padding-left:39px\">\n<div>Notrufnummer: 112<\/div>\n<div>Polizei: 997<\/div>\n<div>Landesfeuerwehr: 998<\/div>\n<div>Staatlicher Rettungsdienst: 999<\/div>\n<\/div><\/div>\n<\/div><div class=\"su-expand-link su-expand-link-more\" style=\"text-align:left\"><a href=\"javascript:;\" style=\"color:#00bcff;border-color:#00bcff\"><i class=\"sui sui-chevron-down\" style=\"\" aria-label=\"\"><\/i><span style=\"border-color:#00bcff\">Poka\u017c wi\u0119cej<\/span><\/a><\/div><div class=\"su-expand-link su-expand-link-less\" style=\"text-align:left\"><a href=\"javascript:;\" style=\"color:#00bcff;border-color:#00bcff\"><i class=\"sui sui-chevron-up\" style=\"\" aria-label=\"\"><\/i><span style=\"border-color:#00bcff\">Poka\u017c mniej<\/span><\/a><\/div><\/div>\n<p style=\"text-align: left\"><div class=\"su-expand su-expand-collapsed su-expand-link-style-default\" data-height=\"20\"><div class=\"su-expand-content su-u-trim\" style=\"color:#03325c;max-height:20px;overflow:hidden\"><strong>Sekretariat des Direktors und Mitarbeiterangelegenheiten<\/strong><\/p>\n<p style=\"text-align: left\"><div class=\"su-service\"><div class=\"su-service-title\" style=\"padding-left:34px;min-height:20px;line-height:20px\"><i class=\"sui sui-home\" style=\"font-size:20px;color:#03325c\"><\/i> Raum. 2.618<\/div><div class=\"su-service-content su-u-clearfix su-u-trim\" style=\"padding-left:34px\"><\/div><\/div>\n<div class=\"su-service\"><div class=\"su-service-title\" style=\"padding-left:34px;min-height:20px;line-height:20px\"><i class=\"sui sui-clock-o\" style=\"font-size:20px;color:#03325c\"><\/i> Montag - Donnerstag: 10-14<\/div><div class=\"su-service-content su-u-clearfix su-u-trim\" style=\"padding-left:34px\"><\/div><\/div>\n<div class=\"su-service\"><div class=\"su-service-title\" style=\"padding-left:34px;min-height:20px;line-height:20px\"><i class=\"sui sui-calendar-times-o\" style=\"font-size:20px;color:#03325c\"><\/i> pi\u0105tek: dzie\u0144 bez interesant\u00f3w<\/div><div class=\"su-service-content su-u-clearfix su-u-trim\" style=\"padding-left:34px\"><\/div><\/div>\n<div class=\"su-service\"><div class=\"su-service-title\" style=\"padding-left:34px;min-height:20px;line-height:20px\"><i class=\"sui sui-user\" style=\"font-size:20px;color:#03325c\"><\/i> mgr Anna Sokulska<\/div><div class=\"su-service-content su-u-clearfix su-u-trim\" style=\"padding-left:34px\"><\/div><\/div>\n<div class=\"su-service\"><div class=\"su-service-title\" style=\"padding-left:34px;min-height:20px;line-height:20px\"><i class=\"sui sui-envelope-o\" style=\"font-size:20px;color:#03325c\"><\/i> dyrektor.iksi@uw.edu.pl<\/div><div class=\"su-service-content su-u-clearfix su-u-trim\" style=\"padding-left:34px\"><\/div><\/div>\n<div class=\"su-service\"><div class=\"su-service-title\" style=\"padding-left:34px;min-height:20px;line-height:20px\"><i class=\"sui sui-phone\" style=\"font-size:20px;color:#03325c\"><\/i> 22 55 34 248<\/div><div class=\"su-service-content su-u-clearfix su-u-trim\" style=\"padding-left:34px\"><\/div><\/div>\n<p style=\"text-align: left\"><\/div><div class=\"su-expand-link su-expand-link-more\" style=\"text-align:left\"><a href=\"javascript:;\" style=\"color:#00bcff;border-color:#00bcff\"><i class=\"sui sui-chevron-down\" style=\"\" aria-label=\"\"><\/i><span style=\"border-color:#00bcff\">Poka\u017c wi\u0119cej<\/span><\/a><\/div><div class=\"su-expand-link su-expand-link-less\" style=\"text-align:left\"><a href=\"javascript:;\" style=\"color:#00bcff;border-color:#00bcff\"><i class=\"sui sui-chevron-up\" style=\"\" aria-label=\"\"><\/i><span style=\"border-color:#00bcff\">Poka\u017c mniej<\/span><\/a><\/div><\/div>\n<p style=\"text-align: left\"><div class=\"su-expand su-expand-collapsed su-expand-link-style-default\" data-height=\"20\"><div class=\"su-expand-content su-u-trim\" style=\"color:#03325c;max-height:20px;overflow:hidden\"><strong>Dekanat f\u00fcr Studienangelegenheiten, Erststudium<\/strong><\/p>\n<p style=\"text-align: left\"><div class=\"su-service\"><div class=\"su-service-title\" style=\"padding-left:34px;min-height:20px;line-height:20px\"><i class=\"sui sui-home\" style=\"font-size:20px;color:#03325c\"><\/i> Raum. 2.518<\/div><div class=\"su-service-content su-u-clearfix su-u-trim\" style=\"padding-left:34px\"><\/div><\/div>\n<div class=\"su-service\"><div class=\"su-service-title\" style=\"padding-left:34px;min-height:20px;line-height:20px\"><i class=\"sui sui-clock-o\" style=\"font-size:20px;color:#03325c\"><\/i> Montag - Donnerstag: 10-14<\/div><div class=\"su-service-content su-u-clearfix su-u-trim\" style=\"padding-left:34px\"><\/div><\/div>\n<div class=\"su-service\"><div class=\"su-service-title\" style=\"padding-left:34px;min-height:20px;line-height:20px\"><i class=\"sui sui-user\" style=\"font-size:20px;color:#03325c\"><\/i> Paulina Stedler<\/div><div class=\"su-service-content su-u-clearfix su-u-trim\" style=\"padding-left:34px\"><\/div><\/div>\n<div class=\"su-service\"><div class=\"su-service-title\" style=\"padding-left:34px;min-height:20px;line-height:20px\"><i class=\"sui sui-envelope-o\" style=\"font-size:20px;color:#03325c\"><\/i> iksi@uw.edu.pl<\/div><div class=\"su-service-content su-u-clearfix su-u-trim\" style=\"padding-left:34px\"><\/div><\/div>\n<div class=\"su-service\"><div class=\"su-service-title\" style=\"padding-left:34px;min-height:20px;line-height:20px\"><i class=\"sui sui-phone\" style=\"font-size:20px;color:#03325c\"><\/i> 22 55 34 208<\/div><div class=\"su-service-content su-u-clearfix su-u-trim\" style=\"padding-left:34px\"><\/div><\/div>\n<p style=\"text-align: left\"><\/div><div class=\"su-expand-link su-expand-link-more\" style=\"text-align:left\"><a href=\"javascript:;\" style=\"color:#00bcff;border-color:#00bcff\"><i class=\"sui sui-chevron-down\" style=\"\" aria-label=\"\"><\/i><span style=\"border-color:#00bcff\">Poka\u017c wi\u0119cej<\/span><\/a><\/div><div class=\"su-expand-link su-expand-link-less\" style=\"text-align:left\"><a href=\"javascript:;\" style=\"color:#00bcff;border-color:#00bcff\"><i class=\"sui sui-chevron-up\" style=\"\" aria-label=\"\"><\/i><span style=\"border-color:#00bcff\">Poka\u017c mniej<\/span><\/a><\/div><\/div>\n<p style=\"text-align: left\"><div class=\"su-expand su-expand-collapsed su-expand-link-style-default\" data-height=\"20\"><div class=\"su-expand-content su-u-trim\" style=\"color:#03325c;max-height:20px;overflow:hidden\"><strong>Dekanat f\u00fcr Studienangelegenheiten, Zweitstudienzyklus<\/strong><\/p>\n<p style=\"text-align: left\"><div class=\"su-service\"><div class=\"su-service-title\" style=\"padding-left:34px;min-height:20px;line-height:20px\"><i class=\"sui sui-home\" style=\"font-size:20px;color:#03325c\"><\/i> Raum. 2.518<\/div><div class=\"su-service-content su-u-clearfix su-u-trim\" style=\"padding-left:34px\"><\/div><\/div>\n<div class=\"su-service\"><div class=\"su-service-title\" style=\"padding-left:34px;min-height:20px;line-height:20px\"><i class=\"sui sui-clock-o\" style=\"font-size:20px;color:#03325c\"><\/i> Montag - Donnerstag: 10-14<\/div><div class=\"su-service-content su-u-clearfix su-u-trim\" style=\"padding-left:34px\"><\/div><\/div>\n<div class=\"su-service\"><div class=\"su-service-title\" style=\"padding-left:34px;min-height:20px;line-height:20px\"><i class=\"sui sui-user\" style=\"font-size:20px;color:#03325c\"><\/i> mgr Justyna Pomyka\u0142a<\/div><div class=\"su-service-content su-u-clearfix su-u-trim\" style=\"padding-left:34px\"><\/div><\/div>\n<div class=\"su-service\"><div class=\"su-service-title\" style=\"padding-left:34px;min-height:20px;line-height:20px\"><i class=\"sui sui-envelope-o\" style=\"font-size:20px;color:#03325c\"><\/i> iksi.magisterskie@uw.edu.pl<\/div><div class=\"su-service-content su-u-clearfix su-u-trim\" style=\"padding-left:34px\"><\/div><\/div>\n<div class=\"su-service\"><div class=\"su-service-title\" style=\"padding-left:34px;min-height:20px;line-height:20px\"><i class=\"sui sui-phone\" style=\"font-size:20px;color:#03325c\"><\/i> 22 55 34 201<\/div><div class=\"su-service-content su-u-clearfix su-u-trim\" style=\"padding-left:34px\"><\/div><\/div>\n<p style=\"text-align: left\"><\/div><div class=\"su-expand-link su-expand-link-more\" style=\"text-align:left\"><a href=\"javascript:;\" style=\"color:#00bcff;border-color:#00bcff\"><i class=\"sui sui-chevron-down\" style=\"\" aria-label=\"\"><\/i><span style=\"border-color:#00bcff\">Poka\u017c wi\u0119cej<\/span><\/a><\/div><div class=\"su-expand-link su-expand-link-less\" style=\"text-align:left\"><a href=\"javascript:;\" style=\"color:#00bcff;border-color:#00bcff\"><i class=\"sui sui-chevron-up\" style=\"\" aria-label=\"\"><\/i><span style=\"border-color:#00bcff\">Poka\u017c mniej<\/span><\/a><\/div><\/div>\n<p style=\"text-align: left\"><div class=\"su-gmap su-u-responsive-media-yes\"><iframe width=\"600\" height=\"400\" src=\"\/\/maps.google.com\/maps?q=Dobra%2055%2C%20Warszawa%2C%20Polska&amp;output=embed\" title=\"\"><\/iframe><\/div>","protected":false},"excerpt":{"rendered":"<p>Institut f\u00fcr Fach- und Interkulturelle Kommunikation ul. Dobra 55 00-312 Warschau e-mail: iksi@uw.edu.pl<\/p>\n","protected":false},"author":872,"featured_media":0,"parent":0,"menu_order":9,"comment_status":"closed","ping_status":"closed","template":"","meta":{"_mc_calendar":[],"_links_to":"","_links_to_target":""},"acf":[],"_links":{"self":[{"href":"http:\/\/iksi.uw.edu.pl\/de\/wp-json\/wp\/v2\/pages\/1168"}],"collection":[{"href":"http:\/\/iksi.uw.edu.pl\/de\/wp-json\/wp\/v2\/pages"}],"about":[{"href":"http:\/\/iksi.uw.edu.pl\/de\/wp-json\/wp\/v2\/types\/page"}],"author":[{"embeddable":true,"href":"http:\/\/iksi.uw.edu.pl\/de\/wp-json\/wp\/v2\/users\/872"}],"replies":[{"embeddable":true,"href":"http:\/\/iksi.uw.edu.pl\/de\/wp-json\/wp\/v2\/comments?post=1168"}],"version-history":[{"count":119,"href":"http:\/\/iksi.uw.edu.pl\/de\/wp-json\/wp\/v2\/pages\/1168\/revisions"}],"predecessor-version":[{"id":11436,"href":"http:\/\/iksi.uw.edu.pl\/de\/wp-json\/wp\/v2\/pages\/1168\/revisions\/11436"}],"wp:attachment":[{"href":"http:\/\/iksi.uw.edu.pl\/de\/wp-json\/wp\/v2\/media?parent=1168"}],"curies":[{"name":"wp","href":"https:\/\/api.w.org\/{rel}","templated":true}]}}