{"id":128,"date":"2019-02-20T22:14:42","date_gmt":"2019-02-20T21:14:42","guid":{"rendered":"http:\/\/iksi.strony.uw.edu.pl\/?page_id=128"},"modified":"2024-04-08T13:56:33","modified_gmt":"2024-04-08T11:56:33","slug":"stypendia-akademiki","status":"publish","type":"page","link":"http:\/\/iksi.uw.edu.pl\/de\/dla-studentow\/stypendia-akademiki\/","title":{"rendered":"Soziale F\u00f6rderung"},"content":{"rendered":"<h3><strong>IKSI-Studierende d\u00fcrfen sich um folgende F\u00f6rderformen bewerben:<\/strong><\/h3>\n<ul>\n<li>soziales Stipendium<\/li>\n<li>Rektorstipendium f\u00fcr hervorragende Studierende<\/li>\n<li>Stipendium des Kultusministers fur hervorragende Leistungen<\/li>\n<li>Beihilfen aus \u00f6ffentlichen Mitteln zum Studium<\/li>\n<li>Sonderstipendium f\u00fcr Studierende mit Behinderung<\/li>\n<\/ul>\n<p><a href=\"https:\/\/monitor.uw.edu.pl\/Lists\/Uchway\/Attachments\/5071\/M.2019.318.Zarz.142.pdf\">Leistungsordnung f\u00fcr Studierende der Universit\u00e4t Warschau <span style=\"font-size: 10pt\">(PDF;474KB)<\/span><\/a><\/p>\n<div class=\"entry-content\">\n<hr \/>\n<div>\n<div><\/div>\n<\/div>\n<\/div>\n<div class=\"su-spoiler su-spoiler-style-default su-spoiler-icon-chevron su-spoiler-closed\" data-scroll-offset=\"0\" data-anchor-in-url=\"no\"><div class=\"su-spoiler-title\" tabindex=\"0\" role=\"button\"><span class=\"su-spoiler-icon\"><\/span>Studentenwohnheime<\/div><div class=\"su-spoiler-content su-u-clearfix su-u-trim\">\n<p>Alle Studierenden der Universit\u00e4t Warschau d\u00fcrfen sich um einen Wohnplatz im Studentenwohnheim bewerben. Freie Pl\u00e4tze k\u00f6nnen auch an Studierende anderer Hochschuleinrichtungen vergeben werden. Jedes Jahr wird die Wohnpauschale von Universit\u00e4tsbeh\u00f6rden neu festgesetzt.<\/p>\n<\/div><\/div>\n<p>&nbsp;","protected":false},"excerpt":{"rendered":"<p>IKSI-Studierende d\u00fcrfen sich um folgende F\u00f6rderformen bewerben: soziales Stipendium Rektorstipendium f\u00fcr hervorragende Studierende Stipendium des Kultusministers fur hervorragende Leistungen Beihilfen aus \u00f6ffentlichen Mitteln zum Studium [&hellip;]<\/p>\n","protected":false},"author":872,"featured_media":0,"parent":82,"menu_order":9,"comment_status":"closed","ping_status":"closed","template":"","meta":{"_mc_calendar":[],"_links_to":"","_links_to_target":""},"acf":[],"_links":{"self":[{"href":"http:\/\/iksi.uw.edu.pl\/de\/wp-json\/wp\/v2\/pages\/128"}],"collection":[{"href":"http:\/\/iksi.uw.edu.pl\/de\/wp-json\/wp\/v2\/pages"}],"about":[{"href":"http:\/\/iksi.uw.edu.pl\/de\/wp-json\/wp\/v2\/types\/page"}],"author":[{"embeddable":true,"href":"http:\/\/iksi.uw.edu.pl\/de\/wp-json\/wp\/v2\/users\/872"}],"replies":[{"embeddable":true,"href":"http:\/\/iksi.uw.edu.pl\/de\/wp-json\/wp\/v2\/comments?post=128"}],"version-history":[{"count":34,"href":"http:\/\/iksi.uw.edu.pl\/de\/wp-json\/wp\/v2\/pages\/128\/revisions"}],"predecessor-version":[{"id":8834,"href":"http:\/\/iksi.uw.edu.pl\/de\/wp-json\/wp\/v2\/pages\/128\/revisions\/8834"}],"up":[{"embeddable":true,"href":"http:\/\/iksi.uw.edu.pl\/de\/wp-json\/wp\/v2\/pages\/82"}],"wp:attachment":[{"href":"http:\/\/iksi.uw.edu.pl\/de\/wp-json\/wp\/v2\/media?parent=128"}],"curies":[{"name":"wp","href":"https:\/\/api.w.org\/{rel}","templated":true}]}}