{"id":158,"date":"2019-02-20T22:23:21","date_gmt":"2019-02-20T21:23:21","guid":{"rendered":"http:\/\/iksi.strony.uw.edu.pl\/?page_id=158"},"modified":"2024-03-19T12:54:29","modified_gmt":"2024-03-19T11:54:29","slug":"akty-prawne","status":"publish","type":"page","link":"http:\/\/iksi.uw.edu.pl\/de\/akty-prawne\/","title":{"rendered":"Rechtsakte"},"content":{"rendered":"<h3>UW<\/h3>\n<p><a href=\"https:\/\/monitor.uw.edu.pl\/Lists\/Uchway\/Attachments\/4934\/M.2019.190.U.443.pdf\">Statut Uniwersytetu Warszawskiego<\/a>\u00a0(26 czerwca 2019 r.)<\/p>\n<p><a href=\"https:\/\/monitor.uw.edu.pl\/Lists\/Uchway\/Attachments\/4930\/M.2019.186.U.441.pdf\">Regulamin studi\u00f3w na Uniwersytecie Warszawskim<\/a>\u00a0(19 czerwca 2019 r.)<\/p>\n<p><a href=\"http:\/\/www.uw.edu.pl\/wp-content\/uploads\/2013\/10\/m.2016.321.obw_.10.pdf\">Regulamin studi\u00f3w doktoranckich na Uniwersytecie Warszawskim<\/a>\u00a0(18 lipca 2016 r.)<\/p>\n<p><a href=\"https:\/\/monitor.uw.edu.pl\/Lists\/Uchway\/Attachments\/4935\/M.2019.191.U.444.pdf\">Regulamin szk\u00f3\u0142 doktorskich<\/a>\u00a0(26 czerwca 2019 r.)<\/p>\n<p><a href=\"http:\/\/www.uw.edu.pl\/wp-content\/uploads\/2013\/10\/regulamin_studiow_podyplomowych_22.02.2017.pdf\">Regulamin studi\u00f3w podyplomowych na Uniwersytecie Warszawskim<\/a>\u00a0(22 lutego 2017 r.)<\/p>\n<p><a href=\"https:\/\/monitor.uw.edu.pl\/Lists\/Uchway\/Attachments\/5026\/M.2019.274.Zarz.100.pdf\">Regulamin Organizacyjny Uniwersytetu Warszawskiego\u00a0<\/a>(25 wrze\u015bnia 2019 r.)<\/p>\n<p><a href=\"https:\/\/www.uw.edu.pl\/wp-content\/uploads\/2019\/10\/m.2019.319.zarz_.143.pdf\">Regulamin pracy na Uniwersytecie Warszawskim<\/a>\u00a0(1 pa\u017adziernika 2019 r.)<\/p>\n<p><a href=\"https:\/\/monitor.uw.edu.pl\/Lists\/Uchway\/Attachments\/5240\/M.2020.26.Zarz.9.pdf\">Regulamin wynagradzania na Uniwersytecie Warszawskim<\/a>\u00a0(17 stycznia 2020 r.)<\/p>\n<p><a href=\"https:\/\/monitor.uw.edu.pl\/Lists\/Uchway\/Attachments\/5111\/M.2019.357.Zarz.163.pdf\">Zarz\u0105dzenie nr 163 rektora UW w sprawie systemu zapewniania jako\u015bci kszta\u0142cenia na UW<\/a> (8 listopada 2019 r.)<\/p>\n<p><a href=\"http:\/\/www.uw.edu.pl\/wp-content\/uploads\/2013\/10\/m.2016.102.zarz_.29.pdf\">Zarz\u0105dzenie nr 29 rektora UW<\/a>\u00a0w sprawie bezpiecze\u0144stwa imprez (6 kwietnia 2016 r.)<\/p>\n<p>Wybrane dokumenty w wersji angielskiej dost\u0119pne s\u0105 na stronie:\u00a0<a href=\"http:\/\/en.uw.edu.pl\/about-university\/important-documents\">http:\/\/en.uw.edu.pl\/about-university\/important-documents.<\/a><\/p>\n<h3>IKSI | WLS<\/h3>\n<p><a href=\"http:\/\/wls.uw.edu.pl\/wp-content\/uploads\/sites\/243\/2019\/12\/Regulamin-WLS-M.2019.392.Zarz_.178.pdf\">Regulamin Wydzia\u0142u Lingwistyki Stosowanej<\/a><\/p>\n<p><a href=\"https:\/\/monitor.uw.edu.pl\/Lists\/Uchway\/Attachments\/5111\/M.2019.357.Zarz.163.pdf\">System zapewniania i doskonalenia jako\u015bci kszta\u0142cenia<\/a><\/p>\n<h3><strong>Uchwa\u0142y Rady Dydaktycznej nr 18 UW na kierunku LINGWISTYKA STOSOWANA<\/strong><\/h3>\n<p><a href=\"https:\/\/dokumenty.uw.edu.pl\/dziennik\/DRD\/Lists\/Dziennik\/lingwistyka%20stosowana.aspx\">Wszystkie dotychczasowe uchwa\u0142y<\/a><\/p>\n<div>\n<p><a href=\"http:\/\/iksi.uw.edu.pl\/wp-content\/uploads\/sites\/301\/2020\/10\/RD18-uchwa\u0142a-nr-6_Szczego\u0301\u0142owe-zasady-studiowania_1_lingwistyka-stosowana-1.pdf\">uchwa\u0142a nr 6 w spr. szcz. zasad studiowania: WPIS WARUNKOWY<\/a><\/p>\n<p><del>uchwa\u0142a nr 7 w spr. szcz. zasad studiowania: IOS<\/del><\/p>\n<p><a href=\"http:\/\/iksi.uw.edu.pl\/wp-content\/uploads\/sites\/301\/2020\/12\/RD18-uchwa\u0142a-nr-14_zmiana-uchwa\u0142y-nr-7-RD_IOS.pdf\">uchwa\u0142a nr 14 &#8211; zmiana uchwa\u0142y nr 7: dot. IOS<\/a><\/p>\n<p><del>uchwa\u0142a nr 8 w spr. szcz. zasad studiowania: ZMIANA KOLEJNO\u015aCI J\u0118ZYK\u00d3W<\/del><\/p>\n<p><a href=\"http:\/\/iksi.uw.edu.pl\/wp-content\/uploads\/sites\/301\/2020\/12\/RD18-uchwa\u0142a-nr-15_zmiana-uchwa\u0142y-nr-8-RD_zmiana-kolejnos\u0301ci-studiowanych-je\u0328zyko\u0301w.pdf\">uchwa\u0142a nr 15 &#8211; zmiana uchwa\u0142y nr 8: dot. ZMIANY KOLEJNO\u015aCI J\u0118ZYK\u00d3W<\/a><\/p>\n<p><del>uchwa\u0142a nr 9 w spr. zasad dyplomowania na studiach 1.st.<\/del><\/p>\n<p><del>uchwa\u0142a nr 1 &#8211; zmiana uchwa\u0142y nr 9: dot. ZASAD DYPLOMOWANIA NA STUDIACH 1 ST.<\/del><\/p>\n<p><a href=\"http:\/\/iksi.uw.edu.pl\/wp-content\/uploads\/sites\/301\/2022\/01\/RD18-uchwala-nr-15_zmiana-uchwaly-nr-9-ws-zasad-dyplomowania-LS-pierwszego-stopnia_PDF-skompresowany.pdf\">uchwa\u0142a nr 15 &#8211; zmiana uchwa\u0142y nr 9: dot. ZASAD DYPLOMOWANIA NA STUDIACH 1 ST.<\/a><\/p>\n<p>za\u0142\u0105czniki do uchwa\u0142y nr 15 &#8211; <a href=\"http:\/\/iksi.uw.edu.pl\/wp-content\/uploads\/sites\/301\/2022\/01\/RD18-uchwala-nr-15_zmiana-uchwaly-nr-9-ws-zasad-dyplomowania-LS-pierwszego-stopnia_zalacznik.docx\">pobierz<\/a><\/p>\n<p><del>uchwa\u0142a nr 10 w spr. zasad dyplomowania na studiach 2.st.<\/del><\/p>\n<p><del>uchwa\u0142a nr 2 &#8211; zmiana uchwa\u0142y nr 10: dot. ZASAD DYPLOMOWANIA NA STUDIACH 2 ST.<\/del><\/p>\n<p><a href=\"http:\/\/iksi.uw.edu.pl\/wp-content\/uploads\/sites\/301\/2022\/01\/RD18-uchwala-nr-16_zmiana-uchwaly-nr-10-ws-zasad-dyplomowania-LS-drugiego_stopnia_PDF-skompresowany.pdf\">uchwa\u0142a nr 16 &#8211; zmiana uchwa\u0142y nr 10: dot. ZASAD DYPLOMOWANIA NA STUDIACH 2 ST.<\/a><\/p>\n<p>za\u0142\u0105czniki do uchwa\u0142y nr 16 &#8211; <a href=\"http:\/\/iksi.uw.edu.pl\/wp-content\/uploads\/sites\/301\/2022\/01\/RD18-uchwala-nr-16_zmiana-uchwaly-nr-10-ws-zasad-dyplomowania-LS-drugiego-stopnia_zalacznik.docx\">pobierz<\/a><\/p>\n<p><a href=\"http:\/\/iksi.uw.edu.pl\/wp-content\/uploads\/sites\/301\/2020\/10\/RD18-uchwa\u0142a-nr-12_zmiana-formy-odbywania-studio\u0301w.pdf\">uchwa\u0142a nr 12: FORMA ODBYWANIA STUDI\u00d3W<\/a><\/p>\n<p><a href=\"http:\/\/iksi.uw.edu.pl\/wp-content\/uploads\/sites\/301\/2020\/10\/RD18-uchwa\u0142a-nr-13_zasady-przeprowadzania-egzamino\u0301w-i-oceniania-_lingwistyka-stosowana-1.pdf\">uchwa\u0142a nr 13: PRZEPROWADZANIE EGZ. I OCENIANIE<\/a><\/p>\n<p><a href=\"http:\/\/iksi.uw.edu.pl\/wp-content\/uploads\/sites\/301\/2020\/12\/RD18-uchwa\u0142a-nr-16_Praktyki-zawodowe_zasady.pdf\">uchwa\u0142a nr 16 w spr. zasad odbywania i zaliczania praktyk zawodowych: PRAKTYKI NAUCZYCIELSKIE<\/a><\/p>\n<p><a href=\"http:\/\/iksi.uw.edu.pl\/wp-content\/uploads\/sites\/301\/2020\/12\/RD18-uchwa\u0142a-nr-17_Praktyki-zawodowe_monitorowanie.pdf\">uchwa\u0142a nr 17 w spr. zasad monitorowania jako\u015bci praktyk zawodowych: PRAKTYKI NAUCZYCIELSKIE<\/a><\/p>\n<p><a href=\"http:\/\/iksi.uw.edu.pl\/wp-content\/uploads\/sites\/301\/2021\/06\/RD18-uchwala-nr-9_zmiana-uchwaly-nr-17-z-dn-24.11.2020-ws-zasad-monitorowania-jakosci-praktyk-zawodowych-na-kierunku-lingwistyka-stosowana-1.pdf\">uchwa\u0142a nr 9\u00a0\u00a0w spr. zasad monitorowania jako\u015bci praktyk zawodowych na kierunku lingwistyka stosowana: PRAKTYKI T\u0141UMACZENIOWE<\/a><\/p>\n<\/div>","protected":false},"excerpt":{"rendered":"<p>UW Statut Uniwersytetu Warszawskiego\u00a0(26 czerwca 2019 r.) Regulamin studi\u00f3w na Uniwersytecie Warszawskim\u00a0(19 czerwca 2019 r.) Regulamin studi\u00f3w doktoranckich na Uniwersytecie Warszawskim\u00a0(18 lipca 2016 r.) Regulamin [&hellip;]<\/p>\n","protected":false},"author":872,"featured_media":0,"parent":0,"menu_order":13,"comment_status":"closed","ping_status":"closed","template":"","meta":{"_mc_calendar":[],"_links_to":"","_links_to_target":""},"acf":[],"_links":{"self":[{"href":"http:\/\/iksi.uw.edu.pl\/de\/wp-json\/wp\/v2\/pages\/158"}],"collection":[{"href":"http:\/\/iksi.uw.edu.pl\/de\/wp-json\/wp\/v2\/pages"}],"about":[{"href":"http:\/\/iksi.uw.edu.pl\/de\/wp-json\/wp\/v2\/types\/page"}],"author":[{"embeddable":true,"href":"http:\/\/iksi.uw.edu.pl\/de\/wp-json\/wp\/v2\/users\/872"}],"replies":[{"embeddable":true,"href":"http:\/\/iksi.uw.edu.pl\/de\/wp-json\/wp\/v2\/comments?post=158"}],"version-history":[{"count":19,"href":"http:\/\/iksi.uw.edu.pl\/de\/wp-json\/wp\/v2\/pages\/158\/revisions"}],"predecessor-version":[{"id":8687,"href":"http:\/\/iksi.uw.edu.pl\/de\/wp-json\/wp\/v2\/pages\/158\/revisions\/8687"}],"wp:attachment":[{"href":"http:\/\/iksi.uw.edu.pl\/de\/wp-json\/wp\/v2\/media?parent=158"}],"curies":[{"name":"wp","href":"https:\/\/api.w.org\/{rel}","templated":true}]}}