{"id":41,"date":"2019-02-20T19:42:18","date_gmt":"2019-02-20T18:42:18","guid":{"rendered":"http:\/\/iksi.strony.uw.edu.pl\/?page_id=41"},"modified":"2026-01-26T13:47:18","modified_gmt":"2026-01-26T12:47:18","slug":"o-nas","status":"publish","type":"page","link":"http:\/\/iksi.uw.edu.pl\/de\/o-nas\/","title":{"rendered":"\u00dcber uns"},"content":{"rendered":"<p style=\"text-align: justify\"><a href=\"http:\/\/iksi.uw.edu.pl\/wp-content\/uploads\/sites\/301\/2019\/12\/wls-nowy-2.jpg\"><img loading=\"lazy\" class=\"alignleft wp-image-1527 size-medium\" src=\"http:\/\/iksi.uw.edu.pl\/wp-content\/uploads\/sites\/301\/2019\/12\/wls-nowy-2-300x210.jpg\" alt=\"\" width=\"300\" height=\"210\" srcset=\"http:\/\/iksi.uw.edu.pl\/wp-content\/uploads\/sites\/301\/2019\/12\/wls-nowy-2-300x210.jpg 300w, http:\/\/iksi.uw.edu.pl\/wp-content\/uploads\/sites\/301\/2019\/12\/wls-nowy-2-768x538.jpg 768w, http:\/\/iksi.uw.edu.pl\/wp-content\/uploads\/sites\/301\/2019\/12\/wls-nowy-2.jpg 960w\" sizes=\"(max-width: 300px) 100vw, 300px\" \/><\/a>Die Anf\u00e4nge des Instituts gehen bis in das Jahr 2000 zur\u00fcck, als der Lehrstuhl f\u00fcr Fachsprachen etabliert wurde. Es war die erste akademische Einrichtung, die systematisch zur Fachkommunikation forschte. Aus dem Lehrstuhl f\u00fcr Fachsprachen und dem Lehrstuhl f\u00fcr Sprachtheorie und -erwerb entstand 2010 das Institut f\u00fcr Kulturologie und Anthropozentrische Linguistik. 2013 wurde es in das Institut f\u00fcr Fachliche und Interkulturelle Kommunikation umbenannt.<\/p>\n<p>Unsere wissenschaftlichen MitarbeiterInnen forschen in 8 Lehrst\u00fchlen, 1 Labor und 3 Forschungsabteilungen. Ihre innovative und methodologisch fortgeschrittene Forschung mit Anwendung von z.B. Eyetracker oder Magnetresonanztomographie (fMRI) wird durch eigene Verlagsinitiativen des Instituts oder andere Verlage ver\u00f6ffentlicht.<\/p>\n<p>Unsere Studierenden k\u00f6nnen hier station\u00e4r <em>Angewandte Linguistik <\/em>mit dem Schwerpunkt \u201eTerminologie und Fach\u00fcbersetzung\u201d, sowie wahlweise mit dem Schwerpunkt \u201eFremdsprachendidaktik\u201d studieren.<\/p>\n<p>&nbsp;<\/p>\n<p><strong><span class=\"HwtZe\" lang=\"de\"><span class=\"jCAhz ChMk0b\"><span class=\"ryNqvb\">IKSI-Beh\u00f6rden:<\/span><\/span><\/span><\/strong><\/p>\n<ul>\n<li><span class=\"HwtZe\" lang=\"de\"> <span class=\"jCAhz ChMk0b\"><span class=\"ryNqvb\">Ph.D.<\/span><\/span> <span class=\"jCAhz ChMk0b\"><span class=\"ryNqvb\">Agnieszka Andrychowicz-Trojanowska, Prof.<\/span><\/span> <span class=\"jCAhz ChMk0b\"><span class=\"ryNqvb\">Student: ab 2022<\/span><\/span><\/span><\/li>\n<li><span class=\"HwtZe\" lang=\"de\"> <span class=\"jCAhz ChMk0b\"><span class=\"ryNqvb\">Ph.D.<\/span><\/span> <span class=\"jCAhz ChMk0b\"><span class=\"ryNqvb\">El\u017cbieta Jamrozik, Prof.<\/span><\/span> <span class=\"jCAhz ChMk0b\"><span class=\"ryNqvb\">Student, Jahre: 2016-2022<\/span><\/span> <\/span><\/li>\n<\/ul>\n<p><strong><span class=\"HwtZe\" lang=\"de\"><span class=\"jCAhz ChMk0b\"><span class=\"ryNqvb\">IKLA\/IKSI-Beh\u00f6rden:<\/span><\/span><\/span><\/strong><\/p>\n<ul>\n<li><span class=\"HwtZe\" lang=\"de\"> <span class=\"jCAhz ChMk0b\"><span class=\"ryNqvb\">Prof.<\/span><\/span> <span class=\"jCAhz ChMk0b\"><span class=\"ryNqvb\">Ph.D.<\/span><\/span> <span class=\"jCAhz ChMk0b\"><span class=\"ryNqvb\">Sambor Grucza, Jahre: 2012-2016<\/span><\/span> <\/span><\/li>\n<li><span class=\"HwtZe\" lang=\"de\"><span class=\"jCAhz ChMk0b\"><span class=\"ryNqvb\">Prof.<\/span><\/span> <span class=\"jCAhz ChMk0b\"><span class=\"ryNqvb\">Ph.D.<\/span><\/span> <span class=\"jCAhz ChMk0b\"><span class=\"ryNqvb\">Anna Tylusi\u0144ska-Kowalska, Jahre: 2010-2012<\/span><\/span> <\/span><\/li>\n<\/ul>\n<p><strong><span class=\"HwtZe\" lang=\"de\"><span class=\"jCAhz ChMk0b\"><span class=\"ryNqvb\">KJS-Beh\u00f6rden:<\/span><\/span> <\/span><\/strong><\/p>\n<ul>\n<li><span class=\"HwtZe\" lang=\"de\"><span class=\"jCAhz ChMk0b\"><span class=\"ryNqvb\">Ph.D.<\/span><\/span> <span class=\"jCAhz ChMk0b\"><span class=\"ryNqvb\">Stanis\u0142aw Szadyko, Prof.<\/span><\/span> <span class=\"jCAhz ChMk0b\"><span class=\"ryNqvb\">UW, Jahre: 2008-2010<\/span><\/span><\/span><\/li>\n<li><span class=\"HwtZe\" lang=\"de\"> <span class=\"jCAhz ChMk0b\"><span class=\"ryNqvb\">Prof.<\/span><\/span> <span class=\"jCAhz ChMk0b\"><span class=\"ryNqvb\">Ph.D.<\/span><\/span> <span class=\"jCAhz ChMk0b\"><span class=\"ryNqvb\">Jerzy Lukszyn,<\/span><\/span><\/span><span class=\"HwtZe\" lang=\"de\"><span class=\"jCAhz ChMk0b\"><span class=\"ryNqvb\">\u00a0Jahre: 2000\u20132008<\/span><\/span><\/span><\/li>\n<\/ul>","protected":false},"excerpt":{"rendered":"<p>Die Anf\u00e4nge des Instituts gehen bis in das Jahr 2000 zur\u00fcck, als der Lehrstuhl f\u00fcr Fachsprachen etabliert wurde. Es war die erste akademische Einrichtung, die [&hellip;]<\/p>\n","protected":false},"author":872,"featured_media":0,"parent":0,"menu_order":1,"comment_status":"closed","ping_status":"closed","template":"","meta":{"_mc_calendar":[],"_links_to":"","_links_to_target":""},"acf":[],"_links":{"self":[{"href":"http:\/\/iksi.uw.edu.pl\/de\/wp-json\/wp\/v2\/pages\/41"}],"collection":[{"href":"http:\/\/iksi.uw.edu.pl\/de\/wp-json\/wp\/v2\/pages"}],"about":[{"href":"http:\/\/iksi.uw.edu.pl\/de\/wp-json\/wp\/v2\/types\/page"}],"author":[{"embeddable":true,"href":"http:\/\/iksi.uw.edu.pl\/de\/wp-json\/wp\/v2\/users\/872"}],"replies":[{"embeddable":true,"href":"http:\/\/iksi.uw.edu.pl\/de\/wp-json\/wp\/v2\/comments?post=41"}],"version-history":[{"count":48,"href":"http:\/\/iksi.uw.edu.pl\/de\/wp-json\/wp\/v2\/pages\/41\/revisions"}],"predecessor-version":[{"id":11273,"href":"http:\/\/iksi.uw.edu.pl\/de\/wp-json\/wp\/v2\/pages\/41\/revisions\/11273"}],"wp:attachment":[{"href":"http:\/\/iksi.uw.edu.pl\/de\/wp-json\/wp\/v2\/media?parent=41"}],"curies":[{"name":"wp","href":"https:\/\/api.w.org\/{rel}","templated":true}]}}