{"id":6264,"date":"2022-10-04T10:54:34","date_gmt":"2022-10-04T08:54:34","guid":{"rendered":"http:\/\/iksi.uw.edu.pl\/?page_id=6264"},"modified":"2024-05-17T11:30:20","modified_gmt":"2024-05-17T09:30:20","slug":"ilc-master","status":"publish","type":"page","link":"http:\/\/iksi.uw.edu.pl\/de\/ilc-master\/","title":{"rendered":"ILC Master"},"content":{"rendered":"<a href=\"http:\/\/iksi.uw.edu.pl\/wp-content\/uploads\/sites\/301\/2022\/08\/Legal-Communication.png\"><img loading=\"lazy\" class=\"aligncenter wp-image-6081 size-large\" src=\"http:\/\/iksi.uw.edu.pl\/wp-content\/uploads\/sites\/301\/2022\/08\/Legal-Communication-1024x288.png\" alt=\"\" width=\"720\" height=\"203\" srcset=\"http:\/\/iksi.uw.edu.pl\/wp-content\/uploads\/sites\/301\/2022\/08\/Legal-Communication-1024x288.png 1024w, http:\/\/iksi.uw.edu.pl\/wp-content\/uploads\/sites\/301\/2022\/08\/Legal-Communication-300x84.png 300w, http:\/\/iksi.uw.edu.pl\/wp-content\/uploads\/sites\/301\/2022\/08\/Legal-Communication-768x216.png 768w, http:\/\/iksi.uw.edu.pl\/wp-content\/uploads\/sites\/301\/2022\/08\/Legal-Communication-1536x432.png 1536w, http:\/\/iksi.uw.edu.pl\/wp-content\/uploads\/sites\/301\/2022\/08\/Legal-Communication-2048x576.png 2048w, http:\/\/iksi.uw.edu.pl\/wp-content\/uploads\/sites\/301\/2022\/08\/Legal-Communication-1920x540.png 1920w, http:\/\/iksi.uw.edu.pl\/wp-content\/uploads\/sites\/301\/2022\/08\/Legal-Communication-1600x450.png 1600w, http:\/\/iksi.uw.edu.pl\/wp-content\/uploads\/sites\/301\/2022\/08\/Legal-Communication-1200x338.png 1200w, http:\/\/iksi.uw.edu.pl\/wp-content\/uploads\/sites\/301\/2022\/08\/Legal-Communication-620x174.png 620w, http:\/\/iksi.uw.edu.pl\/wp-content\/uploads\/sites\/301\/2022\/08\/Legal-Communication-400x113.png 400w\" sizes=\"(max-width: 720px) 100vw, 720px\" \/><\/a><\/p>\n<ul>\n<li><span class=\"su-lightbox\" data-mfp-src=\"http:\/\/iksi.uw.edu.pl\/wp-content\/uploads\/sites\/301\/2022\/10\/M.2022.165.U.163-40-77.pdf\" data-mfp-type=\"iframe\" data-mobile=\"yes\">Programme of study [click]<\/span><\/li>\n<li>Weitere Informationen zum Studium: <a href=\"http:\/\/legal-communication.iksi.uw.edu.pl\/ilc-master\/\">http:\/\/legal-communication.iksi.uw.edu.pl\/ilc-master\/<\/a><\/li>\n<\/ul>\n<p>Die Ziele und das Konzept der Ausbildung im zweiten Studienzyklus \u201eInternationale Rechtskommunikation\u201c entsprechen den Anforderungen der modernen Welt, insbesondere den Anforderungen, die mit der Entwicklung der Rechtswissenschaften und der Linguistik einhergehen. Eine der \u00e4u\u00dferst aktuellen globalen Herausforderungen ist die Notwendigkeit, Rechtsempf\u00e4nger mit angemessenen rechtlichen Informationen zu versorgen. Die internationale Rechtskommunikation besch\u00e4ftigt sich mit Fragestellungen in diesem Bereich.<\/p>\n<p>Folglich werden Lehre und Forschung zur internationalen Rechtskommunikation in drei Fachgebieten nach folgender Systematik durchgef\u00fchrt:<\/p>\n<ul>\n<li>Studienanf\u00e4nger absolvieren in den ersten beiden Semestern ihres Studiums ein gemeinsames Programm.<\/li>\n<li>Mitte des zweiten Semesters geben Studierende eine schriftliche Erkl\u00e4rung zur Wahl der Vertiefungsrichtung ab dem zweiten Studienjahr ab:1) \u201eDesign Thinking in Law\u201d2) \u201eTransference of Legal Knowledge\u201d\n<p>3)\u00a0\u201eEpistemology of Lawyering\u201d.<\/li>\n<\/ul>","protected":false},"excerpt":{"rendered":"<p>Weitere Informationen zum Studium: http:\/\/legal-communication.iksi.uw.edu.pl\/ilc-master\/ Die Ziele und das Konzept der Ausbildung im zweiten Studienzyklus \u201eInternationale Rechtskommunikation\u201c entsprechen den Anforderungen der modernen Welt, insbesondere den [&hellip;]<\/p>\n","protected":false},"author":975,"featured_media":0,"parent":0,"menu_order":0,"comment_status":"closed","ping_status":"closed","template":"","meta":{"_mc_calendar":[],"_links_to":"","_links_to_target":""},"acf":[],"_links":{"self":[{"href":"http:\/\/iksi.uw.edu.pl\/de\/wp-json\/wp\/v2\/pages\/6264"}],"collection":[{"href":"http:\/\/iksi.uw.edu.pl\/de\/wp-json\/wp\/v2\/pages"}],"about":[{"href":"http:\/\/iksi.uw.edu.pl\/de\/wp-json\/wp\/v2\/types\/page"}],"author":[{"embeddable":true,"href":"http:\/\/iksi.uw.edu.pl\/de\/wp-json\/wp\/v2\/users\/975"}],"replies":[{"embeddable":true,"href":"http:\/\/iksi.uw.edu.pl\/de\/wp-json\/wp\/v2\/comments?post=6264"}],"version-history":[{"count":21,"href":"http:\/\/iksi.uw.edu.pl\/de\/wp-json\/wp\/v2\/pages\/6264\/revisions"}],"predecessor-version":[{"id":9047,"href":"http:\/\/iksi.uw.edu.pl\/de\/wp-json\/wp\/v2\/pages\/6264\/revisions\/9047"}],"wp:attachment":[{"href":"http:\/\/iksi.uw.edu.pl\/de\/wp-json\/wp\/v2\/media?parent=6264"}],"curies":[{"name":"wp","href":"https:\/\/api.w.org\/{rel}","templated":true}]}}