{"id":702,"date":"2019-10-23T18:34:48","date_gmt":"2019-10-23T16:34:48","guid":{"rendered":"http:\/\/iksi.strony.uw.edu.pl\/?page_id=702"},"modified":"2025-09-29T14:57:45","modified_gmt":"2025-09-29T12:57:45","slug":"dr-monika-balaga-rubaj","status":"publish","type":"page","link":"http:\/\/iksi.uw.edu.pl\/de\/pracownicy\/dr-monika-balaga-rubaj\/","title":{"rendered":"dr Monika Ba\u0142aga-Rubaj"},"content":{"rendered":"<div class=\"su-tabs su-tabs-style-default su-tabs-mobile-scroll su-tabs-vertical\" data-active=\"1\" data-scroll-offset=\"0\" data-anchor-in-url=\"no\"><div class=\"su-tabs-nav\"><span class=\"\" data-url=\"\" data-target=\"blank\" tabindex=\"0\" role=\"button\">Informacje<\/span><span class=\"\" data-url=\"\" data-target=\"blank\" tabindex=\"0\" role=\"button\">Przebieg kariery<\/span><span class=\"\" data-url=\"\" data-target=\"blank\" tabindex=\"0\" role=\"button\">Zainteresowania naukowe<\/span><span class=\"\" data-url=\"\" data-target=\"blank\" tabindex=\"0\" role=\"button\">Wybrane publikacje<\/span><span class=\"\" data-url=\"\" data-target=\"blank\" tabindex=\"0\" role=\"button\">Linki do osobistych profili naukowych\/zawodowych<\/span><span class=\"\" data-url=\"\" data-target=\"blank\" tabindex=\"0\" role=\"button\">Wi\u0119cej<\/span><\/div><div class=\"su-tabs-panes\"><div class=\"su-tabs-pane su-u-clearfix su-u-trim\" data-title=\"Informacje\">\n<div class=\"su-table su-table-responsive su-table-alternate su-table-fixed\">\n<table style=\"width: 18%\">\n<tbody>\n<tr>\n<td style=\"width: 37.1094%\"><strong>ORCID<\/strong><\/td>\n<td style=\"width: 59.375%\">&#8211;<\/td>\n<\/tr>\n<tr>\n<td style=\"width: 37.1094%\"><strong>Obszar naukowy<\/strong><\/td>\n<td style=\"width: 59.375%\">j\u0119zykoznawstwo<\/td>\n<\/tr>\n<tr>\n<td style=\"width: 37.1094%\"><strong>Stanowisko<\/strong><\/td>\n<td style=\"width: 59.375%\">adiunkt<\/td>\n<\/tr>\n<tr>\n<td style=\"width: 37.1094%\"><strong>Numer pokoju w IKSI<\/strong><\/td>\n<td style=\"width: 59.375%\">3.520<\/td>\n<\/tr>\n<tr>\n<td style=\"width: 37.1094%\"><strong>E-mail<\/strong><\/td>\n<td style=\"width: 59.375%\">mbalaga@uw.edu.pl<\/td>\n<\/tr>\n<tr>\n<td style=\"width: 37.1094%\"><strong>Dy\u017cur<\/strong><\/td>\n<td style=\"width: 59.375%\" width=\"302\">poniedzia\u0142ek 12.30-13.30 (po uprzednim um\u00f3wieniu mailowym)<\/td>\n<\/tr>\n<\/tbody>\n<\/table>\n<\/div><\/div>\n<div class=\"su-tabs-pane su-u-clearfix su-u-trim\" data-title=\"Przebieg kariery\">\n<ul>\n<li>magister w zakresie psychologii, Szko\u0142a Wy\u017csza Psychologii Spo\u0142ecznej w Warszawie, 2012<\/li>\n<li>stopie\u0144 doktora nauk humanistycznych w zakresie j\u0119zykoznawstwa angielskiego i og\u00f3lnego, Uniwersytet Marii Curie-Sk\u0142odowskiej w Lublinie, 2007<\/li>\n<li>magister w zakresie filologii angielskiej, Uniwersytet Marii Curie-Sk\u0142odowskiej w Lublinie, 2001<\/li>\n<\/ul>\n<\/div>\n<div class=\"su-tabs-pane su-u-clearfix su-u-trim\" data-title=\"Zainteresowania naukowe\">\n<ul>\n<li>dydaktyka j\u0119zyk\u00f3w obcych<\/li>\n<li>t\u0142umaczenie specjalistyczne<\/li>\n<li>t\u0142umaczenie audiowizualne<\/li>\n<\/ul>\n<\/div>\n<div class=\"su-tabs-pane su-u-clearfix su-u-trim\" data-title=\"Wybrane publikacje\">\n<div class=\"su-table su-table-responsive su-table-alternate su-table-fixed\">\n<table style=\"width: 100%\">\n<tbody>\n<tr>\n<td style=\"width: 11.2583%\"><strong>Ksi\u0105\u017cki<\/strong><\/td>\n<td style=\"width: 87.6821%\" width=\"438\"><\/td>\n<\/tr>\n<tr>\n<td style=\"width: 11.2583%\"><strong>Rozdzia\u0142y<\/strong><\/td>\n<td style=\"width: 87.6821%\"><\/td>\n<\/tr>\n<tr>\n<td style=\"width: 11.2583%\"><strong>Artyku\u0142y<\/strong><\/td>\n<td style=\"width: 87.6821%\"><\/td>\n<\/tr>\n<\/tbody>\n<\/table>\n<\/div><\/div>\n<div class=\"su-tabs-pane su-u-clearfix su-u-trim\" data-title=\"Linki do osobistych profili naukowych\/zawodowych\">\n<\/div>\n<div class=\"su-tabs-pane su-u-clearfix su-u-trim\" data-title=\"Wi\u0119cej\"><\/div><\/div><\/div>","protected":false},"excerpt":{"rendered":"","protected":false},"author":872,"featured_media":0,"parent":55,"menu_order":0,"comment_status":"closed","ping_status":"closed","template":"","meta":{"_mc_calendar":[],"_links_to":"","_links_to_target":""},"acf":[],"_links":{"self":[{"href":"http:\/\/iksi.uw.edu.pl\/de\/wp-json\/wp\/v2\/pages\/702"}],"collection":[{"href":"http:\/\/iksi.uw.edu.pl\/de\/wp-json\/wp\/v2\/pages"}],"about":[{"href":"http:\/\/iksi.uw.edu.pl\/de\/wp-json\/wp\/v2\/types\/page"}],"author":[{"embeddable":true,"href":"http:\/\/iksi.uw.edu.pl\/de\/wp-json\/wp\/v2\/users\/872"}],"replies":[{"embeddable":true,"href":"http:\/\/iksi.uw.edu.pl\/de\/wp-json\/wp\/v2\/comments?post=702"}],"version-history":[{"count":15,"href":"http:\/\/iksi.uw.edu.pl\/de\/wp-json\/wp\/v2\/pages\/702\/revisions"}],"predecessor-version":[{"id":10690,"href":"http:\/\/iksi.uw.edu.pl\/de\/wp-json\/wp\/v2\/pages\/702\/revisions\/10690"}],"up":[{"embeddable":true,"href":"http:\/\/iksi.uw.edu.pl\/de\/wp-json\/wp\/v2\/pages\/55"}],"wp:attachment":[{"href":"http:\/\/iksi.uw.edu.pl\/de\/wp-json\/wp\/v2\/media?parent=702"}],"curies":[{"name":"wp","href":"https:\/\/api.w.org\/{rel}","templated":true}]}}