{"id":724,"date":"2019-10-23T18:41:52","date_gmt":"2019-10-23T16:41:52","guid":{"rendered":"http:\/\/iksi.strony.uw.edu.pl\/?page_id=724"},"modified":"2026-02-19T11:23:34","modified_gmt":"2026-02-19T10:23:34","slug":"dr-wanda-jozwikowska","status":"publish","type":"page","link":"http:\/\/iksi.uw.edu.pl\/de\/pracownicy\/dr-wanda-jozwikowska\/","title":{"rendered":"dr Wanda J\u00f3zwikowska"},"content":{"rendered":"<div class=\"su-tabs su-tabs-style-default su-tabs-mobile-scroll su-tabs-vertical\" data-active=\"1\" data-scroll-offset=\"0\" data-anchor-in-url=\"no\"><div class=\"su-tabs-nav\"><span class=\"\" data-url=\"\" data-target=\"blank\" tabindex=\"0\" role=\"button\">Informacje<\/span><span class=\"\" data-url=\"\" data-target=\"blank\" tabindex=\"0\" role=\"button\">Przebieg kariery<\/span><span class=\"\" data-url=\"\" data-target=\"blank\" tabindex=\"0\" role=\"button\">Zainteresowania naukowe<\/span><span class=\"\" data-url=\"\" data-target=\"blank\" tabindex=\"0\" role=\"button\">Wybrane publikacje<\/span><span class=\"\" data-url=\"\" data-target=\"blank\" tabindex=\"0\" role=\"button\">Linki do osobistych profili naukowych\/zawodowych<\/span><span class=\"\" data-url=\"\" data-target=\"blank\" tabindex=\"0\" role=\"button\">Wi\u0119cej<\/span><\/div><div class=\"su-tabs-panes\"><div class=\"su-tabs-pane su-u-clearfix su-u-trim\" data-title=\"Informacje\">\n<div class=\"su-table su-table-responsive su-table-alternate su-table-fixed\">\n<table style=\"width: 0px\">\n<tbody>\n<tr>\n<td style=\"width: 184px\"><strong>ORCID<\/strong><\/td>\n<td style=\"width: 306px\"><a href=\"https:\/\/orcid.org\/0000-0001-8984-3714\" target=\"_blank\" rel=\"noopener noreferrer\">https:\/\/orcid.org\/0000-0001-8984-3714<\/a><\/td>\n<\/tr>\n<tr>\n<td style=\"width: 184px\"><strong>Obszar naukowy<\/strong><\/td>\n<td style=\"width: 306px\">przek\u0142adoznawstwo<\/td>\n<\/tr>\n<tr>\n<td style=\"width: 184px\"><strong>Stanowisko<\/strong><\/td>\n<td style=\"width: 306px\">starszy asystent<\/td>\n<\/tr>\n<tr>\n<td style=\"width: 184px\"><strong>Numer pokoju w IKSI<\/strong><\/td>\n<td style=\"width: 306px\">3.620<\/td>\n<\/tr>\n<tr>\n<td style=\"width: 184px\"><strong>E-mail<\/strong><\/td>\n<td style=\"width: 306px\">wz.jozwikowska@uw.edu.pl<\/td>\n<\/tr>\n<tr>\n<td style=\"width: 184px\"><strong>Dy\u017cur<\/strong><\/td>\n<td style=\"width: 306px\" width=\"302\">wtorki 13:15 &#8211; 14:45<\/p>\n<p>(po uprzednim uzgodnieniu mailowym)<\/td>\n<\/tr>\n<\/tbody>\n<\/table>\n<\/div><\/div>\n<div class=\"su-tabs-pane su-u-clearfix su-u-trim\" data-title=\"Przebieg kariery\">\n<ul>\n<li>doktor nauk humanistycznych z zakresu przek\u0142adu literackiego, University of East Anglia, 2016<\/li>\n<li>dyplom uko\u0144czenia studi\u00f3w podyplomowych w zakresie t\u0142umaczenia prawniczego i s\u0105dowego, Uniwersytet Warszawski, 2011<\/li>\n<li>magister na kierunku filologii ze specjalno\u015bci\u0105 t\u0142umacze\u0144 specjalistycznych, Uniwersytet Warszawski, 2009<\/li>\n<\/ul>\n<\/div>\n<div class=\"su-tabs-pane su-u-clearfix su-u-trim\" data-title=\"Zainteresowania naukowe\">\n<ul>\n<li>badanie przek\u0142adu literackiego<\/li>\n<li>przedwojenna polskoj\u0119zyczna proza polsko-\u017cydowska<\/li>\n<li>literatura brytyjsko-\u017cydowska<\/li>\n<li>teoria polisystem\u00f3w<\/li>\n<li>nauczanie angielskiego jako j\u0119zyka obcego<\/li>\n<\/ul>\n<\/div>\n<div class=\"su-tabs-pane su-u-clearfix su-u-trim\" data-title=\"Wybrane publikacje\">\n<div class=\"su-table su-table-responsive su-table-alternate su-table-fixed\">\n<table style=\"width: 100%\">\n<tbody>\n<tr>\n<td style=\"width: 11.2583%\"><strong>Ksi\u0105\u017cki<\/strong><\/td>\n<td style=\"width: 87.6821%\" width=\"438\">\n<ul>\n<li>Large, D.\/ Akashi M.\/ J\u00f3zwikowska W.\/ Rose, E. (red.) (2019), Untranslatability: Interdisciplinary Perspectives. Seria naukowa Routledge Advances in Translation and Interpreting. London, New York.<\/li>\n<\/ul>\n<\/td>\n<\/tr>\n<tr>\n<td style=\"width: 11.2583%\"><strong>Rozdzia\u0142y<\/strong><\/td>\n<td style=\"width: 87.6821%\">\n<ul>\n<li>J\u00f3zwikowska, W. (2019), Resistance to Translation as Cultural Untranslatability. Inter-War Polish-Jewish Fiction in English, (w:) Large, D.\/ Akashi M.\/ J\u00f3zwikowska W.\/ Rose, E. (red.) Untranslatability: Interdisciplinary Perspectives. Seria naukowa Routledge Advances in Translation and Interpreting, s. 142-160.<\/li>\n<\/ul>\n<\/td>\n<\/tr>\n<tr>\n<td style=\"width: 11.2583%\"><strong>Artyku\u0142y<\/strong><\/td>\n<td style=\"width: 87.6821%\"><\/td>\n<\/tr>\n<\/tbody>\n<\/table>\n<\/div><\/div>\n<div class=\"su-tabs-pane su-u-clearfix su-u-trim\" data-title=\"Linki do osobistych profili naukowych\/zawodowych\">\n<ul>\n<li><a href=\"https:\/\/uw.academia.edu\/WandaJ\u00f3zwikowska\">https:\/\/uw.academia.edu\/WandaJ\u00f3zwikowska<\/a><\/li>\n<\/ul>\n<\/div>\n<div class=\"su-tabs-pane su-u-clearfix su-u-trim\" data-title=\"Wi\u0119cej\"><\/div><\/div><\/div><div class=\"su-tabs su-tabs-style-default su-tabs-mobile-scroll su-tabs-vertical\" data-active=\"1\" data-scroll-offset=\"0\" data-anchor-in-url=\"no\"><div class=\"su-tabs-nav\"><span class=\"\" data-url=\"\" data-target=\"blank\" tabindex=\"0\" role=\"button\">Informacje<\/span><span class=\"\" data-url=\"\" data-target=\"blank\" tabindex=\"0\" role=\"button\">Przebieg kariery<\/span><span class=\"\" data-url=\"\" data-target=\"blank\" tabindex=\"0\" role=\"button\">Zainteresowania naukowe<\/span><span class=\"\" data-url=\"\" data-target=\"blank\" tabindex=\"0\" role=\"button\">Wybrane publikacje<\/span><span class=\"\" data-url=\"\" data-target=\"blank\" tabindex=\"0\" role=\"button\">Linki do osobistych profili naukowych\/zawodowych<\/span><span class=\"\" data-url=\"\" data-target=\"blank\" tabindex=\"0\" role=\"button\">Wi\u0119cej<\/span><\/div><div class=\"su-tabs-panes\"><div class=\"su-tabs-pane su-u-clearfix su-u-trim\" data-title=\"Informacje\">\n<div class=\"su-table su-table-responsive su-table-alternate su-table-fixed\">\n<table style=\"width: 0px\">\n<tbody>\n<tr>\n<td style=\"width: 184px\"><strong>ORCID<\/strong><\/td>\n<td style=\"width: 306px\"><a href=\"https:\/\/orcid.org\/0000-0001-8984-3714\" target=\"_blank\" rel=\"noopener noreferrer\">https:\/\/orcid.org\/0000-0001-8984-3714<\/a><\/td>\n<\/tr>\n<tr>\n<td style=\"width: 184px\"><strong>Obszar naukowy<\/strong><\/td>\n<td style=\"width: 306px\">przek\u0142adoznawstwo<\/td>\n<\/tr>\n<tr>\n<td style=\"width: 184px\"><strong>Stanowisko<\/strong><\/td>\n<td style=\"width: 306px\">starszy asystent<\/td>\n<\/tr>\n<tr>\n<td style=\"width: 184px\"><strong>Numer pokoju w IKSI<\/strong><\/td>\n<td style=\"width: 306px\">3.620<\/td>\n<\/tr>\n<tr>\n<td style=\"width: 184px\"><strong>E-mail<\/strong><\/td>\n<td style=\"width: 306px\">wz.jozwikowska@uw.edu.pl<\/td>\n<\/tr>\n<tr>\n<td style=\"width: 184px\"><strong>Dy\u017cur<\/strong><\/td>\n<td style=\"width: 306px\" width=\"302\">wtorki 13:15 &#8211; 14:45<\/p>\n<p>(po uprzednim uzgodnieniu mailowym)<\/td>\n<\/tr>\n<\/tbody>\n<\/table>\n<\/div><\/div>\n<div class=\"su-tabs-pane su-u-clearfix su-u-trim\" data-title=\"Przebieg kariery\">\n<ul>\n<li>doktor nauk humanistycznych z zakresu przek\u0142adu literackiego, University of East Anglia, 2016<\/li>\n<li>dyplom uko\u0144czenia studi\u00f3w podyplomowych w zakresie t\u0142umaczenia prawniczego i s\u0105dowego, Uniwersytet Warszawski, 2011<\/li>\n<li>magister na kierunku filologii ze specjalno\u015bci\u0105 t\u0142umacze\u0144 specjalistycznych, Uniwersytet Warszawski, 2009<\/li>\n<\/ul>\n<\/div>\n<div class=\"su-tabs-pane su-u-clearfix su-u-trim\" data-title=\"Zainteresowania naukowe\">\n<ul>\n<li>badanie przek\u0142adu literackiego<\/li>\n<li>przedwojenna polskoj\u0119zyczna proza polsko-\u017cydowska<\/li>\n<li>literatura brytyjsko-\u017cydowska<\/li>\n<li>teoria polisystem\u00f3w<\/li>\n<li>nauczanie angielskiego jako j\u0119zyka obcego<\/li>\n<\/ul>\n<\/div>\n<div class=\"su-tabs-pane su-u-clearfix su-u-trim\" data-title=\"Wybrane publikacje\">\n<div class=\"su-table su-table-responsive su-table-alternate su-table-fixed\">\n<table style=\"width: 100%\">\n<tbody>\n<tr>\n<td style=\"width: 11.2583%\"><strong>Ksi\u0105\u017cki<\/strong><\/td>\n<td style=\"width: 87.6821%\" width=\"438\">\n<ul>\n<li>Large, D.\/ Akashi M.\/ J\u00f3zwikowska W.\/ Rose, E. (red.) (2019), Untranslatability: Interdisciplinary Perspectives. Seria naukowa Routledge Advances in Translation and Interpreting. London, New York.<\/li>\n<\/ul>\n<\/td>\n<\/tr>\n<tr>\n<td style=\"width: 11.2583%\"><strong>Rozdzia\u0142y<\/strong><\/td>\n<td style=\"width: 87.6821%\">\n<ul>\n<li>J\u00f3zwikowska, W. (2019), Resistance to Translation as Cultural Untranslatability. Inter-War Polish-Jewish Fiction in English, (w:) Large, D.\/ Akashi M.\/ J\u00f3zwikowska W.\/ Rose, E. (red.) Untranslatability: Interdisciplinary Perspectives. Seria naukowa Routledge Advances in Translation and Interpreting, s. 142-160.<\/li>\n<\/ul>\n<\/td>\n<\/tr>\n<tr>\n<td style=\"width: 11.2583%\"><strong>Artyku\u0142y<\/strong><\/td>\n<td style=\"width: 87.6821%\"><\/td>\n<\/tr>\n<\/tbody>\n<\/table>\n<\/div><\/div>\n<div class=\"su-tabs-pane su-u-clearfix su-u-trim\" data-title=\"Linki do osobistych profili naukowych\/zawodowych\">\n<ul>\n<li><a href=\"https:\/\/uw.academia.edu\/WandaJ\u00f3zwikowska\">https:\/\/uw.academia.edu\/WandaJ\u00f3zwikowska<\/a><\/li>\n<\/ul>\n<\/div>\n<div class=\"su-tabs-pane su-u-clearfix su-u-trim\" data-title=\"Wi\u0119cej\"><\/div><\/div><\/div><div class=\"su-tabs su-tabs-style-default su-tabs-mobile-scroll su-tabs-vertical\" data-active=\"1\" data-scroll-offset=\"0\" data-anchor-in-url=\"no\"><div class=\"su-tabs-nav\"><span class=\"\" data-url=\"\" data-target=\"blank\" tabindex=\"0\" role=\"button\">Informacje<\/span><span class=\"\" data-url=\"\" data-target=\"blank\" tabindex=\"0\" role=\"button\">Przebieg kariery<\/span><span class=\"\" data-url=\"\" data-target=\"blank\" tabindex=\"0\" role=\"button\">Zainteresowania naukowe<\/span><span class=\"\" data-url=\"\" data-target=\"blank\" tabindex=\"0\" role=\"button\">Wybrane publikacje<\/span><span class=\"\" data-url=\"\" data-target=\"blank\" tabindex=\"0\" role=\"button\">Linki do osobistych profili naukowych\/zawodowych<\/span><span class=\"\" data-url=\"\" data-target=\"blank\" tabindex=\"0\" role=\"button\">Wi\u0119cej<\/span><\/div><div class=\"su-tabs-panes\"><div class=\"su-tabs-pane su-u-clearfix su-u-trim\" data-title=\"Informacje\">\n<div class=\"su-table su-table-responsive su-table-alternate su-table-fixed\">\n<table style=\"width: 0px\">\n<tbody>\n<tr>\n<td style=\"width: 184px\"><strong>ORCID<\/strong><\/td>\n<td style=\"width: 306px\"><a href=\"https:\/\/orcid.org\/0000-0001-8984-3714\" target=\"_blank\" rel=\"noopener noreferrer\">https:\/\/orcid.org\/0000-0001-8984-3714<\/a><\/td>\n<\/tr>\n<tr>\n<td style=\"width: 184px\"><strong>Obszar naukowy<\/strong><\/td>\n<td style=\"width: 306px\">przek\u0142adoznawstwo<\/td>\n<\/tr>\n<tr>\n<td style=\"width: 184px\"><strong>Stanowisko<\/strong><\/td>\n<td style=\"width: 306px\">starszy asystent<\/td>\n<\/tr>\n<tr>\n<td style=\"width: 184px\"><strong>Numer pokoju w IKSI<\/strong><\/td>\n<td style=\"width: 306px\">3.620<\/td>\n<\/tr>\n<tr>\n<td style=\"width: 184px\"><strong>E-mail<\/strong><\/td>\n<td style=\"width: 306px\">wz.jozwikowska@uw.edu.pl<\/td>\n<\/tr>\n<tr>\n<td style=\"width: 184px\"><strong>Dy\u017cur<\/strong><\/td>\n<td style=\"width: 306px\" width=\"302\">wtorki 13:15 &#8211; 14:45<\/p>\n<p>(po uprzednim uzgodnieniu mailowym)<\/td>\n<\/tr>\n<\/tbody>\n<\/table>\n<\/div><\/div>\n<div class=\"su-tabs-pane su-u-clearfix su-u-trim\" data-title=\"Przebieg kariery\">\n<ul>\n<li>doktor nauk humanistycznych z zakresu przek\u0142adu literackiego, University of East Anglia, 2016<\/li>\n<li>dyplom uko\u0144czenia studi\u00f3w podyplomowych w zakresie t\u0142umaczenia prawniczego i s\u0105dowego, Uniwersytet Warszawski, 2011<\/li>\n<li>magister na kierunku filologii ze specjalno\u015bci\u0105 t\u0142umacze\u0144 specjalistycznych, Uniwersytet Warszawski, 2009<\/li>\n<\/ul>\n<\/div>\n<div class=\"su-tabs-pane su-u-clearfix su-u-trim\" data-title=\"Zainteresowania naukowe\">\n<ul>\n<li>badanie przek\u0142adu literackiego<\/li>\n<li>przedwojenna polskoj\u0119zyczna proza polsko-\u017cydowska<\/li>\n<li>literatura brytyjsko-\u017cydowska<\/li>\n<li>teoria polisystem\u00f3w<\/li>\n<li>nauczanie angielskiego jako j\u0119zyka obcego<\/li>\n<\/ul>\n<\/div>\n<div class=\"su-tabs-pane su-u-clearfix su-u-trim\" data-title=\"Wybrane publikacje\">\n<div class=\"su-table su-table-responsive su-table-alternate su-table-fixed\">\n<table style=\"width: 100%\">\n<tbody>\n<tr>\n<td style=\"width: 11.2583%\"><strong>Ksi\u0105\u017cki<\/strong><\/td>\n<td style=\"width: 87.6821%\" width=\"438\">\n<ul>\n<li>Large, D.\/ Akashi M.\/ J\u00f3zwikowska W.\/ Rose, E. (red.) (2019), Untranslatability: Interdisciplinary Perspectives. Seria naukowa Routledge Advances in Translation and Interpreting. London, New York.<\/li>\n<\/ul>\n<\/td>\n<\/tr>\n<tr>\n<td style=\"width: 11.2583%\"><strong>Rozdzia\u0142y<\/strong><\/td>\n<td style=\"width: 87.6821%\">\n<ul>\n<li>J\u00f3zwikowska, W. (2019), Resistance to Translation as Cultural Untranslatability. Inter-War Polish-Jewish Fiction in English, (w:) Large, D.\/ Akashi M.\/ J\u00f3zwikowska W.\/ Rose, E. (red.) Untranslatability: Interdisciplinary Perspectives. Seria naukowa Routledge Advances in Translation and Interpreting, s. 142-160.<\/li>\n<\/ul>\n<\/td>\n<\/tr>\n<tr>\n<td style=\"width: 11.2583%\"><strong>Artyku\u0142y<\/strong><\/td>\n<td style=\"width: 87.6821%\"><\/td>\n<\/tr>\n<\/tbody>\n<\/table>\n<\/div><\/div>\n<div class=\"su-tabs-pane su-u-clearfix su-u-trim\" data-title=\"Linki do osobistych profili naukowych\/zawodowych\">\n<ul>\n<li><a href=\"https:\/\/uw.academia.edu\/WandaJ\u00f3zwikowska\">https:\/\/uw.academia.edu\/WandaJ\u00f3zwikowska<\/a><\/li>\n<\/ul>\n<\/div>\n<div class=\"su-tabs-pane su-u-clearfix su-u-trim\" data-title=\"Wi\u0119cej\"><\/div><\/div><\/div><div class=\"su-tabs su-tabs-style-default su-tabs-mobile-scroll su-tabs-vertical\" data-active=\"1\" data-scroll-offset=\"0\" data-anchor-in-url=\"no\"><div class=\"su-tabs-nav\"><span class=\"\" data-url=\"\" data-target=\"blank\" tabindex=\"0\" role=\"button\">Informacje<\/span><span class=\"\" data-url=\"\" data-target=\"blank\" tabindex=\"0\" role=\"button\">Przebieg kariery<\/span><span class=\"\" data-url=\"\" data-target=\"blank\" tabindex=\"0\" role=\"button\">Zainteresowania naukowe<\/span><span class=\"\" data-url=\"\" data-target=\"blank\" tabindex=\"0\" role=\"button\">Wybrane publikacje<\/span><span class=\"\" data-url=\"\" data-target=\"blank\" tabindex=\"0\" role=\"button\">Linki do osobistych profili naukowych\/zawodowych<\/span><span class=\"\" data-url=\"\" data-target=\"blank\" tabindex=\"0\" role=\"button\">Wi\u0119cej<\/span><\/div><div class=\"su-tabs-panes\"><div class=\"su-tabs-pane su-u-clearfix su-u-trim\" data-title=\"Informacje\">\n<div class=\"su-table su-table-responsive su-table-alternate su-table-fixed\">\n<table style=\"width: 0px\">\n<tbody>\n<tr>\n<td style=\"width: 184px\"><strong>ORCID<\/strong><\/td>\n<td style=\"width: 306px\"><a href=\"https:\/\/orcid.org\/0000-0001-8984-3714\" target=\"_blank\" rel=\"noopener noreferrer\">https:\/\/orcid.org\/0000-0001-8984-3714<\/a><\/td>\n<\/tr>\n<tr>\n<td style=\"width: 184px\"><strong>Obszar naukowy<\/strong><\/td>\n<td style=\"width: 306px\">przek\u0142adoznawstwo<\/td>\n<\/tr>\n<tr>\n<td style=\"width: 184px\"><strong>Stanowisko<\/strong><\/td>\n<td style=\"width: 306px\">starszy asystent<\/td>\n<\/tr>\n<tr>\n<td style=\"width: 184px\"><strong>Numer pokoju w IKSI<\/strong><\/td>\n<td style=\"width: 306px\">3.620<\/td>\n<\/tr>\n<tr>\n<td style=\"width: 184px\"><strong>E-mail<\/strong><\/td>\n<td style=\"width: 306px\">wz.jozwikowska@uw.edu.pl<\/td>\n<\/tr>\n<tr>\n<td style=\"width: 184px\"><strong>Dy\u017cur<\/strong><\/td>\n<td style=\"width: 306px\" width=\"302\">wtorki 13:15 &#8211; 14:45<\/p>\n<p>(po uprzednim uzgodnieniu mailowym)<\/td>\n<\/tr>\n<\/tbody>\n<\/table>\n<\/div><\/div>\n<div class=\"su-tabs-pane su-u-clearfix su-u-trim\" data-title=\"Przebieg kariery\">\n<ul>\n<li>doktor nauk humanistycznych z zakresu przek\u0142adu literackiego, University of East Anglia, 2016<\/li>\n<li>dyplom uko\u0144czenia studi\u00f3w podyplomowych w zakresie t\u0142umaczenia prawniczego i s\u0105dowego, Uniwersytet Warszawski, 2011<\/li>\n<li>magister na kierunku filologii ze specjalno\u015bci\u0105 t\u0142umacze\u0144 specjalistycznych, Uniwersytet Warszawski, 2009<\/li>\n<\/ul>\n<\/div>\n<div class=\"su-tabs-pane su-u-clearfix su-u-trim\" data-title=\"Zainteresowania naukowe\">\n<ul>\n<li>badanie przek\u0142adu literackiego<\/li>\n<li>przedwojenna polskoj\u0119zyczna proza polsko-\u017cydowska<\/li>\n<li>literatura brytyjsko-\u017cydowska<\/li>\n<li>teoria polisystem\u00f3w<\/li>\n<li>nauczanie angielskiego jako j\u0119zyka obcego<\/li>\n<\/ul>\n<\/div>\n<div class=\"su-tabs-pane su-u-clearfix su-u-trim\" data-title=\"Wybrane publikacje\">\n<div class=\"su-table su-table-responsive su-table-alternate su-table-fixed\">\n<table style=\"width: 100%\">\n<tbody>\n<tr>\n<td style=\"width: 11.2583%\"><strong>Ksi\u0105\u017cki<\/strong><\/td>\n<td style=\"width: 87.6821%\" width=\"438\">\n<ul>\n<li>Large, D.\/ Akashi M.\/ J\u00f3zwikowska W.\/ Rose, E. (red.) (2019), Untranslatability: Interdisciplinary Perspectives. Seria naukowa Routledge Advances in Translation and Interpreting. London, New York.<\/li>\n<\/ul>\n<\/td>\n<\/tr>\n<tr>\n<td style=\"width: 11.2583%\"><strong>Rozdzia\u0142y<\/strong><\/td>\n<td style=\"width: 87.6821%\">\n<ul>\n<li>J\u00f3zwikowska, W. (2019), Resistance to Translation as Cultural Untranslatability. Inter-War Polish-Jewish Fiction in English, (w:) Large, D.\/ Akashi M.\/ J\u00f3zwikowska W.\/ Rose, E. (red.) Untranslatability: Interdisciplinary Perspectives. Seria naukowa Routledge Advances in Translation and Interpreting, s. 142-160.<\/li>\n<\/ul>\n<\/td>\n<\/tr>\n<tr>\n<td style=\"width: 11.2583%\"><strong>Artyku\u0142y<\/strong><\/td>\n<td style=\"width: 87.6821%\"><\/td>\n<\/tr>\n<\/tbody>\n<\/table>\n<\/div><\/div>\n<div class=\"su-tabs-pane su-u-clearfix su-u-trim\" data-title=\"Linki do osobistych profili naukowych\/zawodowych\">\n<ul>\n<li><a href=\"https:\/\/uw.academia.edu\/WandaJ\u00f3zwikowska\">https:\/\/uw.academia.edu\/WandaJ\u00f3zwikowska<\/a><\/li>\n<\/ul>\n<\/div>\n<div class=\"su-tabs-pane su-u-clearfix su-u-trim\" data-title=\"Wi\u0119cej\"><\/div><\/div><\/div>","protected":false},"excerpt":{"rendered":"","protected":false},"author":872,"featured_media":0,"parent":55,"menu_order":0,"comment_status":"closed","ping_status":"closed","template":"","meta":{"_mc_calendar":[],"_links_to":"","_links_to_target":""},"acf":[],"_links":{"self":[{"href":"http:\/\/iksi.uw.edu.pl\/de\/wp-json\/wp\/v2\/pages\/724"}],"collection":[{"href":"http:\/\/iksi.uw.edu.pl\/de\/wp-json\/wp\/v2\/pages"}],"about":[{"href":"http:\/\/iksi.uw.edu.pl\/de\/wp-json\/wp\/v2\/types\/page"}],"author":[{"embeddable":true,"href":"http:\/\/iksi.uw.edu.pl\/de\/wp-json\/wp\/v2\/users\/872"}],"replies":[{"embeddable":true,"href":"http:\/\/iksi.uw.edu.pl\/de\/wp-json\/wp\/v2\/comments?post=724"}],"version-history":[{"count":24,"href":"http:\/\/iksi.uw.edu.pl\/de\/wp-json\/wp\/v2\/pages\/724\/revisions"}],"predecessor-version":[{"id":11345,"href":"http:\/\/iksi.uw.edu.pl\/de\/wp-json\/wp\/v2\/pages\/724\/revisions\/11345"}],"up":[{"embeddable":true,"href":"http:\/\/iksi.uw.edu.pl\/de\/wp-json\/wp\/v2\/pages\/55"}],"wp:attachment":[{"href":"http:\/\/iksi.uw.edu.pl\/de\/wp-json\/wp\/v2\/media?parent=724"}],"curies":[{"name":"wp","href":"https:\/\/api.w.org\/{rel}","templated":true}]}}