{"id":10997,"date":"2025-12-04T11:15:56","date_gmt":"2025-12-04T10:15:56","guid":{"rendered":"http:\/\/iksi.uw.edu.pl\/?page_id=10997"},"modified":"2026-01-26T13:45:11","modified_gmt":"2026-01-26T12:45:11","slug":"strona-glowna","status":"publish","type":"page","link":"http:\/\/iksi.uw.edu.pl\/it\/","title":{"rendered":"Strona g\u0142\u00f3wna"},"content":{"rendered":"<a href=\"http:\/\/iksi.uw.edu.pl\/wp-content\/uploads\/sites\/301\/2019\/12\/wls-nowy-2.jpg\"><img loading=\"lazy\" class=\"alignleft wp-image-1527 size-medium\" src=\"http:\/\/iksi.uw.edu.pl\/wp-content\/uploads\/sites\/301\/2019\/12\/wls-nowy-2-300x210.jpg\" alt=\"\" width=\"300\" height=\"210\" srcset=\"http:\/\/iksi.uw.edu.pl\/wp-content\/uploads\/sites\/301\/2019\/12\/wls-nowy-2-300x210.jpg 300w, http:\/\/iksi.uw.edu.pl\/wp-content\/uploads\/sites\/301\/2019\/12\/wls-nowy-2-768x538.jpg 768w, http:\/\/iksi.uw.edu.pl\/wp-content\/uploads\/sites\/301\/2019\/12\/wls-nowy-2.jpg 960w\" sizes=\"(max-width: 300px) 100vw, 300px\" \/><\/a><\/p>\n<p>Le origini dell&#8217;Istituto risalgono all\u2019anno 2000, quando viene istituita la Cattedra di Lingue Specialistiche, ovvero il primo centro accademico in Polonia dedicato alla ricerca sistematica sulla comunicazione specialistica. Nel 2010 dalla fusione della Cattedra di Lingue Specialistiche con la Cattedra di Teoria delle Lingue ed Acquisizione Linguistica nasce l\u2019Istituto di Culturologia e Linguistica Antropocentrica. Nel dicembre 2013 assume infine l\u2019attuale denominazione di Istituto di Comunicazione Specialistica e Interculturale.<\/p>\n<p>I nostri ricercatori conducono ricerche in 8 dipartimenti, 1 laboratorio e 3 centri di ricerca. Grazie agli strumenti utilizzati, come ad esempio l&#8217;eyetracker e la risonanza magnetica (fMRI), le ricerche si caratterizzano per innovazione e progresso metodologico. I risultati conseguiti vengono resi pubblici sia attraverso iniziative editoriali proprie dell&#8217;Istituto che pubblicazioni esterne.<\/p>\n<p>Presso il nostro Istituto gli studenti possono studiare linguistica applicata nella specializzazione principale &#8220;terminologia e traduzione specialistica&#8221; o nella specializzazione opzionale in didattica delle lingue. Le specializzazioni si svolgono in 4 lingue: inglese, tedesco, italiano e russo.<br \/>\n\n\n<div class=\"su-posts su-posts-default-loop \">\n\n\t\n\t\t\t\t\t\n\t\t\t\n\t\t\t<div id=\"su-post-10809\" class=\"su-post \">\n\n\t\t\t\t\n\t\t\t\t<h2 class=\"su-post-title\"><a href=\"http:\/\/iksi.uw.edu.pl\/it\/2025\/10\/16\/do-26-10-2025-r-zajecia-z-dr-magda-zelazowska-sobczyk-zostaja-odwolane-zwolnienie-lekarskie\/\">(Polski) Do 26.10.2025 r. zaj\u0119cia z dr Magd\u0105 \u017belazowska-Sobczyk zostaj\u0105 odwo\u0142ane (zwolnienie lekarskie).<\/a><\/h2>\n\n\t\t\t\t<div class=\"su-post-meta\">\n\t\t\t\t\tOpublikowano: 16 October 2025\t\t\t\t<\/div>\n\n\t\t\t\t<div class=\"su-post-excerpt\">\n\t\t\t\t\t\t\t\t\t<\/div>\n\n\t\t\t\t\n\t\t\t<\/div>\n\n\t\t\t\t\t\n\t\t\t\n\t\t\t<div id=\"su-post-10711\" class=\"su-post \">\n\n\t\t\t\t\n\t\t\t\t<h2 class=\"su-post-title\"><a href=\"http:\/\/iksi.uw.edu.pl\/it\/2025\/10\/01\/uwaga-1-rok-st-lic-srodowy-wyklad-o-11-30-bedzie-sie-odbywac-w-sali-1-008\/\">(Polski) UWAGA 1 ROK ST.LIC.: \u015brodowy wyk\u0142ad o 11.30 b\u0119dzie si\u0119 odbywa\u0107 w sali 1.008.<\/a><\/h2>\n\n\t\t\t\t<div class=\"su-post-meta\">\n\t\t\t\t\tOpublikowano: 1 October 2025\t\t\t\t<\/div>\n\n\t\t\t\t<div class=\"su-post-excerpt\">\n\t\t\t\t\t\t\t\t\t<\/div>\n\n\t\t\t\t\n\t\t\t<\/div>\n\n\t\t\t\t\t\n\t\t\t\n\t\t\t<div id=\"su-post-10581\" class=\"su-post \">\n\n\t\t\t\t\n\t\t\t\t<h2 class=\"su-post-title\"><a href=\"http:\/\/iksi.uw.edu.pl\/it\/2025\/09\/08\/udostepniono-dokladny-plan-zajec-dla-poszczegolnych-kombinacji-na-i-roku-studiow-licencjackich\/\">(Polski) &#8220;Udost\u0119pniono dok\u0142adny plan zaj\u0119\u0107 dla poszczeg\u00f3lnych kombinacji na I roku studi\u00f3w licencjackich&#8221;.<\/a><\/h2>\n\n\t\t\t\t<div class=\"su-post-meta\">\n\t\t\t\t\tOpublikowano: 8 September 2025\t\t\t\t<\/div>\n\n\t\t\t\t<div class=\"su-post-excerpt\">\n\t\t\t\t\t\t\t\t\t<\/div>\n\n\t\t\t\t\n\t\t\t<\/div>\n\n\t\t\t\t\t\n\t\t\t\n\t\t\t<div id=\"su-post-8806\" class=\"su-post \">\n\n\t\t\t\t\n\t\t\t\t<h2 class=\"su-post-title\"><a href=\"http:\/\/iksi.uw.edu.pl\/it\/2024\/04\/04\/konkurs-dla-studentow-i-lub-doktorantow-studia-2024-2025-do-krajow-niestowarzyszonych-z-programem\/\">Konkurs dla student\u00f3w i\/ lub doktorant\u00f3w \u2013 Studia 2024\/2025 do kraj\u00f3w niestowarzyszonych z programem.\u00a0<\/a><\/h2>\n\n\t\t\t\t<div class=\"su-post-meta\">\n\t\t\t\t\tOpublikowano: 4 April 2024\t\t\t\t<\/div>\n\n\t\t\t\t<div class=\"su-post-excerpt\">\n\t\t\t\t\t<p>Konkurs dla student\u00f3w i\/ lub doktorant\u00f3w \u2013 Studia 2024\/2025 do kraj\u00f3w niestowarzyszonych z programem.\u00a0 Biuro Wsp\u00f3\u0142pracy z Zagranic\u0105 og\u0142osi\u0142o konkurs dla student\u00f3w i doktorant\u00f3w na [&hellip;]<\/p>\n\t\t\t\t<\/div>\n\n\t\t\t\t\n\t\t\t<\/div>\n\n\t\t\t\t\t\n\t\t\t\n\t\t\t<div id=\"su-post-8801\" class=\"su-post \">\n\n\t\t\t\t\n\t\t\t\t<h2 class=\"su-post-title\"><a href=\"http:\/\/iksi.uw.edu.pl\/it\/2024\/04\/04\/oferta-wyjazdowa-dla-studentow-do-gruzji\/\">Oferta wyjazdowa dla student\u00f3w do Gruzji<\/a><\/h2>\n\n\t\t\t\t<div class=\"su-post-meta\">\n\t\t\t\t\tOpublikowano: 4 April 2024\t\t\t\t<\/div>\n\n\t\t\t\t<div class=\"su-post-excerpt\">\n\t\t\t\t\t<p>Wszystkich student\u00f3w zapraszamy do zapoznania si\u0119 na stronie BWZ z ofert\u0105 dla student\u00f3w \u2013 wyjazd na studia cz\u0119\u015bciowe w ramach\u00a0umowy bilateralnej\u00a0do Gruzji,\u00a0Tbilisi State University. W [&hellip;]<\/p>\n\t\t\t\t<\/div>\n\n\t\t\t\t\n\t\t\t<\/div>\n\n\t\t\t\t\t\n\t\t\t\n\t\t\t<div id=\"su-post-8767\" class=\"su-post \">\n\n\t\t\t\t\n\t\t\t\t<h2 class=\"su-post-title\"><a href=\"http:\/\/iksi.uw.edu.pl\/it\/2024\/04\/03\/odwolanie-zajec-i-dyzuru-dr-a-blaszczak-3\/\">Odwo\u0142anie zaj\u0119\u0107 i dy\u017curu &#8211; dr A. B\u0142aszczak<\/a><\/h2>\n\n\t\t\t\t<div class=\"su-post-meta\">\n\t\t\t\t\tOpublikowano: 3 April 2024\t\t\t\t<\/div>\n\n\t\t\t\t<div class=\"su-post-excerpt\">\n\t\t\t\t\t<p>W dniach 04.03. &#8211; 08.03.2024 zaj\u0119cia i dy\u017cur dr A. B\u0142aszczak zostaj\u0105 odwo\u0142ane (urlop naukowy).<\/p>\n\t\t\t\t<\/div>\n\n\t\t\t\t\n\t\t\t<\/div>\n\n\t\t\t\t\t\n\t\t\t\n\t\t\t<div id=\"su-post-7612\" class=\"su-post \">\n\n\t\t\t\t\n\t\t\t\t<h2 class=\"su-post-title\"><a href=\"http:\/\/iksi.uw.edu.pl\/it\/2023\/08\/27\/harmonogram-sesji-poprawkowej\/\">Harmonogram sesji poprawkowej<\/a><\/h2>\n\n\t\t\t\t<div class=\"su-post-meta\">\n\t\t\t\t\tOpublikowano: 27 August 2023\t\t\t\t<\/div>\n\n\t\t\t\t<div class=\"su-post-excerpt\">\n\t\t\t\t\t<p>IKSI harmonogram sesji letniej i poprawkowej<\/p>\n\t\t\t\t<\/div>\n\n\t\t\t\t\n\t\t\t<\/div>\n\n\t\t\t\t\t\n\t\t\t\n\t\t\t<div id=\"su-post-7603\" class=\"su-post \">\n\n\t\t\t\t\n\t\t\t\t<h2 class=\"su-post-title\"><a href=\"http:\/\/iksi.uw.edu.pl\/it\/2023\/08\/08\/zaproszenie-na-ix-ogolnopolska-sesje-studenckich-kol-naukowych_7-9-grudnia-2023\/\">Zaproszenie na IX Og\u00f3lnopolsk\u0105 Sesj\u0119 Studenckich K\u00f3\u0142 Naukowych 7-9 grudnia 2023<\/a><\/h2>\n\n\t\t\t\t<div class=\"su-post-meta\">\n\t\t\t\t\tOpublikowano: 8 August 2023\t\t\t\t<\/div>\n\n\t\t\t\t<div class=\"su-post-excerpt\">\n\t\t\t\t\t<p>Szanowni Pa\u0144stwo, w imieniu organizator\u00f3w \u2013 Zachodniopomorskiego Uniwersytetu Technologicznego w Szczecinie oraz Santander Universidades, chcia\u0142bym bardzo serdecznie zaprosi\u0107 na nasz\u0105 coroczn\u0105\u00a0Og\u00f3lnopolsk\u0105 Sesj\u0119 Studenckich K\u00f3\u0142 Naukowych\u00a0organizowan\u0105\u00a0w [&hellip;]<\/p>\n\t\t\t\t<\/div>\n\n\t\t\t\t\n\t\t\t<\/div>\n\n\t\t\t\t\t\n\t\t\t\n\t\t\t<div id=\"su-post-7600\" class=\"su-post \">\n\n\t\t\t\t\n\t\t\t\t<h2 class=\"su-post-title\"><a href=\"http:\/\/iksi.uw.edu.pl\/it\/2023\/08\/04\/sekretariat-ds-pracowniczych-iksi-nieczynny-przerwa-wakacyjna\/\">Sekretariat ds. pracowniczych IKSI nieczynny &#8211; przerwa wakacyjna<\/a><\/h2>\n\n\t\t\t\t<div class=\"su-post-meta\">\n\t\t\t\t\tOpublikowano: 4 August 2023\t\t\t\t<\/div>\n\n\t\t\t\t<div class=\"su-post-excerpt\">\n\t\t\t\t\t<p>Szanowni Pa\u0144stwo, informujemy, \u017ce sekretariat pracowniczy od dnia 16 sierpnia 2023 do dnia 1 wrze\u015bnia b\u0119dzie nieczynny.<\/p>\n\t\t\t\t<\/div>\n\n\t\t\t\t\n\t\t\t<\/div>\n\n\t\t\t\t\t\n\t\t\t\n\t\t\t<div id=\"su-post-7593\" class=\"su-post \">\n\n\t\t\t\t\n\t\t\t\t<h2 class=\"su-post-title\"><a href=\"http:\/\/iksi.uw.edu.pl\/it\/2023\/07\/31\/dziekanat-iksi-nieczynny-przerwa-wakacyjna\/\">Dziekanat IKSI nieczynny &#8211; przerwa wakacyjna<\/a><\/h2>\n\n\t\t\t\t<div class=\"su-post-meta\">\n\t\t\t\t\tOpublikowano: 31 July 2023\t\t\t\t<\/div>\n\n\t\t\t\t<div class=\"su-post-excerpt\">\n\t\t\t\t\t<p>Szanowni Pa\u0144stwo Informujemy, \u017ce dziekanat od dnia 14 sierpnia 2023 r. do dnia 31 sierpnia 2023 r. b\u0119dzie nieczynny.<\/p>\n\t\t\t\t<\/div>\n\n\t\t\t\t\n\t\t\t<\/div>\n\n\t\t\n\t\n<\/div>","protected":false},"excerpt":{"rendered":"<p>Le origini dell&#8217;Istituto risalgono all\u2019anno 2000, quando viene istituita la Cattedra di Lingue Specialistiche, ovvero il primo centro accademico in Polonia dedicato alla ricerca sistematica [&hellip;]<\/p>\n","protected":false},"author":1433,"featured_media":0,"parent":0,"menu_order":0,"comment_status":"closed","ping_status":"closed","template":"","meta":{"_mc_calendar":[],"_links_to":"","_links_to_target":""},"acf":[],"_links":{"self":[{"href":"http:\/\/iksi.uw.edu.pl\/it\/wp-json\/wp\/v2\/pages\/10997"}],"collection":[{"href":"http:\/\/iksi.uw.edu.pl\/it\/wp-json\/wp\/v2\/pages"}],"about":[{"href":"http:\/\/iksi.uw.edu.pl\/it\/wp-json\/wp\/v2\/types\/page"}],"author":[{"embeddable":true,"href":"http:\/\/iksi.uw.edu.pl\/it\/wp-json\/wp\/v2\/users\/1433"}],"replies":[{"embeddable":true,"href":"http:\/\/iksi.uw.edu.pl\/it\/wp-json\/wp\/v2\/comments?post=10997"}],"version-history":[{"count":10,"href":"http:\/\/iksi.uw.edu.pl\/it\/wp-json\/wp\/v2\/pages\/10997\/revisions"}],"predecessor-version":[{"id":11271,"href":"http:\/\/iksi.uw.edu.pl\/it\/wp-json\/wp\/v2\/pages\/10997\/revisions\/11271"}],"wp:attachment":[{"href":"http:\/\/iksi.uw.edu.pl\/it\/wp-json\/wp\/v2\/media?parent=10997"}],"curies":[{"name":"wp","href":"https:\/\/api.w.org\/{rel}","templated":true}]}}