{"id":2838,"date":"2020-05-18T17:16:42","date_gmt":"2020-05-18T15:16:42","guid":{"rendered":"http:\/\/iksi.strony.uw.edu.pl\/?page_id=2838"},"modified":"2021-02-16T09:47:03","modified_gmt":"2021-02-16T08:47:03","slug":"identyfikacja","status":"publish","type":"page","link":"http:\/\/iksi.uw.edu.pl\/it\/identyfikacja\/","title":{"rendered":"Identyfikacja"},"content":{"rendered":"<p>Zach\u0119camy do korzystania z szablon\u00f3w prezentacji oraz logotyp\u00f3w IKSI.<\/p>\n<div class=\"su-spoiler su-spoiler-style-default su-spoiler-icon-chevron su-spoiler-closed\" data-scroll-offset=\"0\" data-anchor-in-url=\"no\"><div class=\"su-spoiler-title\" tabindex=\"0\" role=\"button\"><span class=\"su-spoiler-icon\"><\/span>Prezentacja<\/div><div class=\"su-spoiler-content su-u-clearfix su-u-trim\">\n<p>Wersja jasna:<\/p>\n<p><a href=\"https:\/\/drive.google.com\/file\/d\/1f6rpckH41h1n60pAjvSB4CfJ3xofiKfj\/view?usp=sharing\"><img loading=\"lazy\" class=\"size-medium wp-image-2844 alignnone\" src=\"http:\/\/iksi.uw.edu.pl\/wp-content\/uploads\/sites\/301\/2020\/05\/Wersja-jasna-300x169.png\" alt=\"\" width=\"300\" height=\"169\" data-wp-editing=\"1\" srcset=\"http:\/\/iksi.uw.edu.pl\/wp-content\/uploads\/sites\/301\/2020\/05\/Wersja-jasna-300x169.png 300w, http:\/\/iksi.uw.edu.pl\/wp-content\/uploads\/sites\/301\/2020\/05\/Wersja-jasna-768x432.png 768w, http:\/\/iksi.uw.edu.pl\/wp-content\/uploads\/sites\/301\/2020\/05\/Wersja-jasna-1024x576.png 1024w, http:\/\/iksi.uw.edu.pl\/wp-content\/uploads\/sites\/301\/2020\/05\/Wersja-jasna.png 1080w\" sizes=\"(max-width: 300px) 100vw, 300px\" \/><\/a><\/p>\n<p>Wersja ciemna:<\/p>\n<p><a href=\"https:\/\/drive.google.com\/file\/d\/1JtvxRHWXI8o5kXJ2cpksYhiuE4vnNWdf\/view?usp=sharing\"><img loading=\"lazy\" class=\"size-medium wp-image-2843 alignnone\" src=\"http:\/\/iksi.uw.edu.pl\/wp-content\/uploads\/sites\/301\/2020\/05\/Wersja-ciemna-300x169.png\" alt=\"\" width=\"300\" height=\"169\" srcset=\"http:\/\/iksi.uw.edu.pl\/wp-content\/uploads\/sites\/301\/2020\/05\/Wersja-ciemna-300x169.png 300w, http:\/\/iksi.uw.edu.pl\/wp-content\/uploads\/sites\/301\/2020\/05\/Wersja-ciemna-768x432.png 768w, http:\/\/iksi.uw.edu.pl\/wp-content\/uploads\/sites\/301\/2020\/05\/Wersja-ciemna-1024x576.png 1024w, http:\/\/iksi.uw.edu.pl\/wp-content\/uploads\/sites\/301\/2020\/05\/Wersja-ciemna.png 1080w\" sizes=\"(max-width: 300px) 100vw, 300px\" \/><\/a><\/p>\n<\/div><\/div>\n<div class=\"su-spoiler su-spoiler-style-default su-spoiler-icon-chevron su-spoiler-closed\" data-scroll-offset=\"0\" data-anchor-in-url=\"no\"><div class=\"su-spoiler-title\" tabindex=\"0\" role=\"button\"><span class=\"su-spoiler-icon\"><\/span>Logotyp<\/div><div class=\"su-spoiler-content su-u-clearfix su-u-trim\">\n<div class=\"su-tabs su-tabs-style-default su-tabs-mobile-scroll su-tabs-vertical\" data-active=\"1\" data-scroll-offset=\"0\" data-anchor-in-url=\"no\"><div class=\"su-tabs-nav\"><span class=\"\" data-url=\"\" data-target=\"blank\" tabindex=\"0\" role=\"button\">Do wykorzystania z jasnym t\u0142em<\/span><span class=\"\" data-url=\"\" data-target=\"blank\" tabindex=\"0\" role=\"button\">Do wykorzystania z ciemnym t\u0142em<\/span><span class=\"\" data-url=\"\" data-target=\"blank\" tabindex=\"0\" role=\"button\">Wersja angielska do wykorzystania z jasnym t\u0142em<\/span><span class=\"\" data-url=\"\" data-target=\"blank\" tabindex=\"0\" role=\"button\">Wersja angielska do wykorzystania z ciemnym t\u0142em<\/span><\/div><div class=\"su-tabs-panes\"><div class=\"su-tabs-pane su-u-clearfix su-u-trim\" data-title=\"Do wykorzystania z jasnym t\u0142em\">\n<p><a href=\"http:\/\/iksi.uw.edu.pl\/wp-content\/uploads\/sites\/301\/2020\/05\/Logotyp_1.png\"><img loading=\"lazy\" class=\"size-medium wp-image-2659 alignnone\" src=\"http:\/\/iksi.uw.edu.pl\/wp-content\/uploads\/sites\/301\/2020\/05\/Logotyp_1-300x111.png\" alt=\"\" width=\"300\" height=\"111\" srcset=\"http:\/\/iksi.uw.edu.pl\/wp-content\/uploads\/sites\/301\/2020\/05\/Logotyp_1-300x111.png 300w, http:\/\/iksi.uw.edu.pl\/wp-content\/uploads\/sites\/301\/2020\/05\/Logotyp_1-768x285.png 768w, http:\/\/iksi.uw.edu.pl\/wp-content\/uploads\/sites\/301\/2020\/05\/Logotyp_1-1024x380.png 1024w\" sizes=\"(max-width: 300px) 100vw, 300px\" \/><\/a><\/p>\n<p><a href=\"http:\/\/iksi.uw.edu.pl\/wp-content\/uploads\/sites\/301\/2020\/05\/Logotyp_4.png\"><img loading=\"lazy\" class=\"size-medium wp-image-2675 alignnone\" src=\"http:\/\/iksi.uw.edu.pl\/wp-content\/uploads\/sites\/301\/2020\/05\/Logotyp_4-300x92.png\" alt=\"\" width=\"300\" height=\"92\" srcset=\"http:\/\/iksi.uw.edu.pl\/wp-content\/uploads\/sites\/301\/2020\/05\/Logotyp_4-300x92.png 300w, http:\/\/iksi.uw.edu.pl\/wp-content\/uploads\/sites\/301\/2020\/05\/Logotyp_4-768x235.png 768w, http:\/\/iksi.uw.edu.pl\/wp-content\/uploads\/sites\/301\/2020\/05\/Logotyp_4-1024x314.png 1024w, http:\/\/iksi.uw.edu.pl\/wp-content\/uploads\/sites\/301\/2020\/05\/Logotyp_4.png 1930w\" sizes=\"(max-width: 300px) 100vw, 300px\" \/><\/a><\/p>\n<p><a href=\"http:\/\/iksi.uw.edu.pl\/wp-content\/uploads\/sites\/301\/2020\/05\/Logotyp_5.png\"><img loading=\"lazy\" class=\"size-medium wp-image-2664 alignnone\" src=\"http:\/\/iksi.uw.edu.pl\/wp-content\/uploads\/sites\/301\/2020\/05\/Logotyp_5-300x300.png\" alt=\"\" width=\"300\" height=\"300\" srcset=\"http:\/\/iksi.uw.edu.pl\/wp-content\/uploads\/sites\/301\/2020\/05\/Logotyp_5-300x300.png 300w, http:\/\/iksi.uw.edu.pl\/wp-content\/uploads\/sites\/301\/2020\/05\/Logotyp_5-150x150.png 150w, http:\/\/iksi.uw.edu.pl\/wp-content\/uploads\/sites\/301\/2020\/05\/Logotyp_5-768x768.png 768w, http:\/\/iksi.uw.edu.pl\/wp-content\/uploads\/sites\/301\/2020\/05\/Logotyp_5-1024x1024.png 1024w, http:\/\/iksi.uw.edu.pl\/wp-content\/uploads\/sites\/301\/2020\/05\/Logotyp_5.png 1181w\" sizes=\"(max-width: 300px) 100vw, 300px\" \/><\/a><\/p>\n<p><a href=\"http:\/\/iksi.uw.edu.pl\/wp-content\/uploads\/sites\/301\/2020\/05\/Logotyp_3.png\"><img loading=\"lazy\" class=\"size-medium wp-image-2657 alignnone\" src=\"http:\/\/iksi.uw.edu.pl\/wp-content\/uploads\/sites\/301\/2020\/05\/Logotyp_3-300x22.png\" alt=\"\" width=\"300\" height=\"22\" srcset=\"http:\/\/iksi.uw.edu.pl\/wp-content\/uploads\/sites\/301\/2020\/05\/Logotyp_3-300x22.png 300w, http:\/\/iksi.uw.edu.pl\/wp-content\/uploads\/sites\/301\/2020\/05\/Logotyp_3-768x56.png 768w, http:\/\/iksi.uw.edu.pl\/wp-content\/uploads\/sites\/301\/2020\/05\/Logotyp_3-1024x74.png 1024w\" sizes=\"(max-width: 300px) 100vw, 300px\" \/><\/a><\/p>\n<p><a href=\"http:\/\/iksi.uw.edu.pl\/wp-content\/uploads\/sites\/301\/2020\/05\/Logotyp_2.png\"><img loading=\"lazy\" class=\"size-medium wp-image-2674 alignnone\" src=\"http:\/\/iksi.uw.edu.pl\/wp-content\/uploads\/sites\/301\/2020\/05\/Logotyp_2-300x141.png\" alt=\"\" width=\"300\" height=\"141\" srcset=\"http:\/\/iksi.uw.edu.pl\/wp-content\/uploads\/sites\/301\/2020\/05\/Logotyp_2-300x141.png 300w, http:\/\/iksi.uw.edu.pl\/wp-content\/uploads\/sites\/301\/2020\/05\/Logotyp_2-768x362.png 768w, http:\/\/iksi.uw.edu.pl\/wp-content\/uploads\/sites\/301\/2020\/05\/Logotyp_2-1024x483.png 1024w, http:\/\/iksi.uw.edu.pl\/wp-content\/uploads\/sites\/301\/2020\/05\/Logotyp_2.png 2005w\" sizes=\"(max-width: 300px) 100vw, 300px\" \/><\/a><\/div>\n<div class=\"su-tabs-pane su-u-clearfix su-u-trim\" data-title=\"Do wykorzystania z ciemnym t\u0142em\">\n<p><a href=\"http:\/\/iksi.uw.edu.pl\/wp-content\/uploads\/sites\/301\/2020\/05\/1.png\"><img loading=\"lazy\" class=\"size-medium wp-image-2847 alignnone\" src=\"http:\/\/iksi.uw.edu.pl\/wp-content\/uploads\/sites\/301\/2020\/05\/1-300x111.png\" alt=\"\" width=\"300\" height=\"111\" srcset=\"http:\/\/iksi.uw.edu.pl\/wp-content\/uploads\/sites\/301\/2020\/05\/1-300x111.png 300w, http:\/\/iksi.uw.edu.pl\/wp-content\/uploads\/sites\/301\/2020\/05\/1-768x285.png 768w, http:\/\/iksi.uw.edu.pl\/wp-content\/uploads\/sites\/301\/2020\/05\/1-1024x380.png 1024w\" sizes=\"(max-width: 300px) 100vw, 300px\" \/><\/a><\/p>\n<p><a href=\"http:\/\/iksi.uw.edu.pl\/wp-content\/uploads\/sites\/301\/2020\/05\/2.png\"><img loading=\"lazy\" class=\"size-medium wp-image-2848 alignnone\" src=\"http:\/\/iksi.uw.edu.pl\/wp-content\/uploads\/sites\/301\/2020\/05\/2-300x92.png\" alt=\"\" width=\"300\" height=\"92\" srcset=\"http:\/\/iksi.uw.edu.pl\/wp-content\/uploads\/sites\/301\/2020\/05\/2-300x92.png 300w, http:\/\/iksi.uw.edu.pl\/wp-content\/uploads\/sites\/301\/2020\/05\/2-768x235.png 768w, http:\/\/iksi.uw.edu.pl\/wp-content\/uploads\/sites\/301\/2020\/05\/2-1024x314.png 1024w, http:\/\/iksi.uw.edu.pl\/wp-content\/uploads\/sites\/301\/2020\/05\/2.png 1930w\" sizes=\"(max-width: 300px) 100vw, 300px\" \/><\/a><\/p>\n<p><a href=\"http:\/\/iksi.uw.edu.pl\/wp-content\/uploads\/sites\/301\/2020\/05\/4.png\"><img loading=\"lazy\" class=\"size-medium wp-image-2850 alignnone\" src=\"http:\/\/iksi.uw.edu.pl\/wp-content\/uploads\/sites\/301\/2020\/05\/4-300x300.png\" alt=\"\" width=\"300\" height=\"300\" srcset=\"http:\/\/iksi.uw.edu.pl\/wp-content\/uploads\/sites\/301\/2020\/05\/4-300x300.png 300w, http:\/\/iksi.uw.edu.pl\/wp-content\/uploads\/sites\/301\/2020\/05\/4-150x150.png 150w, http:\/\/iksi.uw.edu.pl\/wp-content\/uploads\/sites\/301\/2020\/05\/4-768x768.png 768w, http:\/\/iksi.uw.edu.pl\/wp-content\/uploads\/sites\/301\/2020\/05\/4-1024x1024.png 1024w, http:\/\/iksi.uw.edu.pl\/wp-content\/uploads\/sites\/301\/2020\/05\/4.png 1181w\" sizes=\"(max-width: 300px) 100vw, 300px\" \/><\/a><\/p>\n<p><a href=\"http:\/\/iksi.uw.edu.pl\/wp-content\/uploads\/sites\/301\/2020\/05\/5.png\"><img loading=\"lazy\" class=\"size-medium wp-image-2851 alignnone\" src=\"http:\/\/iksi.uw.edu.pl\/wp-content\/uploads\/sites\/301\/2020\/05\/5-300x22.png\" alt=\"\" width=\"300\" height=\"22\" srcset=\"http:\/\/iksi.uw.edu.pl\/wp-content\/uploads\/sites\/301\/2020\/05\/5-300x22.png 300w, http:\/\/iksi.uw.edu.pl\/wp-content\/uploads\/sites\/301\/2020\/05\/5-768x56.png 768w, http:\/\/iksi.uw.edu.pl\/wp-content\/uploads\/sites\/301\/2020\/05\/5-1024x74.png 1024w\" sizes=\"(max-width: 300px) 100vw, 300px\" \/><\/a><\/p>\n<p><a href=\"http:\/\/iksi.uw.edu.pl\/wp-content\/uploads\/sites\/301\/2020\/05\/3.png\"><img loading=\"lazy\" class=\"size-medium wp-image-2849 alignnone\" src=\"http:\/\/iksi.uw.edu.pl\/wp-content\/uploads\/sites\/301\/2020\/05\/3-300x141.png\" alt=\"\" width=\"300\" height=\"141\" srcset=\"http:\/\/iksi.uw.edu.pl\/wp-content\/uploads\/sites\/301\/2020\/05\/3-300x141.png 300w, http:\/\/iksi.uw.edu.pl\/wp-content\/uploads\/sites\/301\/2020\/05\/3-768x362.png 768w, http:\/\/iksi.uw.edu.pl\/wp-content\/uploads\/sites\/301\/2020\/05\/3-1024x483.png 1024w, http:\/\/iksi.uw.edu.pl\/wp-content\/uploads\/sites\/301\/2020\/05\/3.png 2005w\" sizes=\"(max-width: 300px) 100vw, 300px\" \/><\/a><\/div>\n<div class=\"su-tabs-pane su-u-clearfix su-u-trim\" data-title=\"Wersja angielska do wykorzystania z jasnym t\u0142em\">\n<p><a href=\"http:\/\/iksi.uw.edu.pl\/wp-content\/uploads\/sites\/301\/2020\/06\/Logotyp_1_eng.png\"><img loading=\"lazy\" class=\"size-medium wp-image-3110 alignnone\" src=\"http:\/\/iksi.uw.edu.pl\/wp-content\/uploads\/sites\/301\/2020\/06\/Logotyp_1_eng-300x114.png\" alt=\"\" width=\"300\" height=\"114\" srcset=\"http:\/\/iksi.uw.edu.pl\/wp-content\/uploads\/sites\/301\/2020\/06\/Logotyp_1_eng-300x114.png 300w, http:\/\/iksi.uw.edu.pl\/wp-content\/uploads\/sites\/301\/2020\/06\/Logotyp_1_eng-768x293.png 768w, http:\/\/iksi.uw.edu.pl\/wp-content\/uploads\/sites\/301\/2020\/06\/Logotyp_1_eng-1024x390.png 1024w\" sizes=\"(max-width: 300px) 100vw, 300px\" \/><\/a><\/div>\n<div class=\"su-tabs-pane su-u-clearfix su-u-trim\" data-title=\"Wersja angielska do wykorzystania z ciemnym t\u0142em\">\n<p><a href=\"http:\/\/iksi.uw.edu.pl\/wp-content\/uploads\/sites\/301\/2020\/06\/1_eng.png\"><img loading=\"lazy\" class=\"size-medium wp-image-3111 alignnone\" src=\"http:\/\/iksi.uw.edu.pl\/wp-content\/uploads\/sites\/301\/2020\/06\/1_eng-300x114.png\" alt=\"\" width=\"300\" height=\"114\" srcset=\"http:\/\/iksi.uw.edu.pl\/wp-content\/uploads\/sites\/301\/2020\/06\/1_eng-300x114.png 300w, http:\/\/iksi.uw.edu.pl\/wp-content\/uploads\/sites\/301\/2020\/06\/1_eng-768x293.png 768w, http:\/\/iksi.uw.edu.pl\/wp-content\/uploads\/sites\/301\/2020\/06\/1_eng-1024x390.png 1024w\" sizes=\"(max-width: 300px) 100vw, 300px\" \/><\/a><\/div><\/div><\/div><\/div><\/div>\n","protected":false},"excerpt":{"rendered":"<p>Zach\u0119camy do korzystania z szablon\u00f3w prezentacji oraz logotyp\u00f3w IKSI.<\/p>\n","protected":false},"author":975,"featured_media":0,"parent":0,"menu_order":0,"comment_status":"closed","ping_status":"closed","template":"","meta":{"_mc_calendar":[],"_links_to":"","_links_to_target":""},"acf":[],"_links":{"self":[{"href":"http:\/\/iksi.uw.edu.pl\/it\/wp-json\/wp\/v2\/pages\/2838"}],"collection":[{"href":"http:\/\/iksi.uw.edu.pl\/it\/wp-json\/wp\/v2\/pages"}],"about":[{"href":"http:\/\/iksi.uw.edu.pl\/it\/wp-json\/wp\/v2\/types\/page"}],"author":[{"embeddable":true,"href":"http:\/\/iksi.uw.edu.pl\/it\/wp-json\/wp\/v2\/users\/975"}],"replies":[{"embeddable":true,"href":"http:\/\/iksi.uw.edu.pl\/it\/wp-json\/wp\/v2\/comments?post=2838"}],"version-history":[{"count":10,"href":"http:\/\/iksi.uw.edu.pl\/it\/wp-json\/wp\/v2\/pages\/2838\/revisions"}],"predecessor-version":[{"id":2842,"href":"http:\/\/iksi.uw.edu.pl\/it\/wp-json\/wp\/v2\/pages\/2838\/revisions\/2842"}],"wp:attachment":[{"href":"http:\/\/iksi.uw.edu.pl\/it\/wp-json\/wp\/v2\/media?parent=2838"}],"curies":[{"name":"wp","href":"https:\/\/api.w.org\/{rel}","templated":true}]}}