{"id":69,"date":"2019-02-20T20:08:22","date_gmt":"2019-02-20T19:08:22","guid":{"rendered":"http:\/\/iksi.strony.uw.edu.pl\/?page_id=69"},"modified":"2026-03-02T12:31:16","modified_gmt":"2026-03-02T11:31:16","slug":"samorzad-studencki","status":"publish","type":"page","link":"http:\/\/iksi.uw.edu.pl\/it\/dla-studentow\/samorzad-studencki\/","title":{"rendered":"Consiglio studentesco"},"content":{"rendered":"Tutti gli studenti dell&#8217;Universit\u00e0 di Varsavia costituiscono il consiglio studentesco che \u00e8 rappresentato dall&#8217;Assemblea elettiva e dal direttivo come organo esecutivo.<\/p>\n<p><strong>Ufficio del Direttivo del Consiglio Studentesco dell&#8217;Universit\u00e0 di Varsavia<\/strong><\/p>\n<p>Tel. (+48) 22 55 22 612<br \/>\n<a href=\"http:\/\/www.samorzad.uw.edu.pl\/\">www.samorzad.uw.edu.pl<\/a><\/p>\n<p>&nbsp;<\/p>\n<p><strong>Rappresentanti dell&#8217;IKSI nel Consiglio Universitario del Consiglio Studentesco della Facolt\u00e0 di Linguistica Applicata dell&#8217;Universit\u00e0 di Varsavia<\/strong><\/p>\n<ul>\n<li>\n<div dir=\"auto\">Ma\u0142gorzata Ksi\u0105\u017cyk II rok st. mgr, AN\u00a0(<a href=\"mailto:malgorzata.ksiazyk@samorzad.uw.edu.pl\" target=\"_blank\" rel=\"noopener\">malgorzata.ksiazyk@samorzad.uw.edu.pl<\/a>)<\/div>\n<\/li>\n<li>\n<div>Zuzanna Dziosa II rok st. mgr, AN<\/div>\n<\/li>\n<\/ul>\n<p>&nbsp;","protected":false},"excerpt":{"rendered":"<p>Tutti gli studenti dell&#8217;Universit\u00e0 di Varsavia costituiscono il consiglio studentesco che \u00e8 rappresentato dall&#8217;Assemblea elettiva e dal direttivo come organo esecutivo. Ufficio del Direttivo del [&hellip;]<\/p>\n","protected":false},"author":872,"featured_media":0,"parent":82,"menu_order":10,"comment_status":"closed","ping_status":"closed","template":"","meta":{"_mc_calendar":[],"_links_to":"","_links_to_target":""},"acf":[],"_links":{"self":[{"href":"http:\/\/iksi.uw.edu.pl\/it\/wp-json\/wp\/v2\/pages\/69"}],"collection":[{"href":"http:\/\/iksi.uw.edu.pl\/it\/wp-json\/wp\/v2\/pages"}],"about":[{"href":"http:\/\/iksi.uw.edu.pl\/it\/wp-json\/wp\/v2\/types\/page"}],"author":[{"embeddable":true,"href":"http:\/\/iksi.uw.edu.pl\/it\/wp-json\/wp\/v2\/users\/872"}],"replies":[{"embeddable":true,"href":"http:\/\/iksi.uw.edu.pl\/it\/wp-json\/wp\/v2\/comments?post=69"}],"version-history":[{"count":18,"href":"http:\/\/iksi.uw.edu.pl\/it\/wp-json\/wp\/v2\/pages\/69\/revisions"}],"predecessor-version":[{"id":11395,"href":"http:\/\/iksi.uw.edu.pl\/it\/wp-json\/wp\/v2\/pages\/69\/revisions\/11395"}],"up":[{"embeddable":true,"href":"http:\/\/iksi.uw.edu.pl\/it\/wp-json\/wp\/v2\/pages\/82"}],"wp:attachment":[{"href":"http:\/\/iksi.uw.edu.pl\/it\/wp-json\/wp\/v2\/media?parent=69"}],"curies":[{"name":"wp","href":"https:\/\/api.w.org\/{rel}","templated":true}]}}