{"id":694,"date":"2019-10-23T18:30:47","date_gmt":"2019-10-23T16:30:47","guid":{"rendered":"http:\/\/iksi.strony.uw.edu.pl\/?page_id=694"},"modified":"2022-04-14T09:51:47","modified_gmt":"2022-04-14T07:51:47","slug":"dr-hab-dario-prola","status":"publish","type":"page","link":"http:\/\/iksi.uw.edu.pl\/it\/pracownicy\/dr-hab-dario-prola\/","title":{"rendered":"dr hab. Dario Prola"},"content":{"rendered":"<div class=\"su-tabs su-tabs-style-default su-tabs-mobile-scroll su-tabs-vertical\" data-active=\"1\" data-scroll-offset=\"0\" data-anchor-in-url=\"no\"><div class=\"su-tabs-nav\"><span class=\"\" data-url=\"\" data-target=\"blank\" tabindex=\"0\" role=\"button\">Informacje<\/span><span class=\"\" data-url=\"\" data-target=\"blank\" tabindex=\"0\" role=\"button\">Przebieg kariery<\/span><span class=\"\" data-url=\"\" data-target=\"blank\" tabindex=\"0\" role=\"button\">Zainteresowania naukowe<\/span><span class=\"\" data-url=\"\" data-target=\"blank\" tabindex=\"0\" role=\"button\">Wybrane publikacje<\/span><span class=\"\" data-url=\"\" data-target=\"blank\" tabindex=\"0\" role=\"button\">Linki do osobistych profili naukowych\/zawodowych<\/span><span class=\"\" data-url=\"\" data-target=\"blank\" tabindex=\"0\" role=\"button\">Wi\u0119cej<\/span><\/div><div class=\"su-tabs-panes\"><div class=\"su-tabs-pane su-u-clearfix su-u-trim\" data-title=\"Informacje\">\n<div class=\"su-table su-table-responsive su-table-alternate su-table-fixed\">\n<table style=\"width: 0px\">\n<tbody>\n<tr>\n<td style=\"width: 184px\"><strong>ORCID<\/strong><\/td>\n<td style=\"width: 306px\"><a href=\"https:\/\/orcid.org\/0000-0001-6079-148X\" target=\"_blank\" rel=\"noopener noreferrer\">https:\/\/orcid.org\/0000-0001-6079-148X<\/a><\/td>\n<\/tr>\n<tr>\n<td style=\"width: 184px\"><strong>Obszar naukowy<\/strong><\/td>\n<td style=\"width: 306px\">literaturoznawstwo<\/td>\n<\/tr>\n<tr>\n<td style=\"width: 184px\"><strong>Stanowisko<\/strong><\/td>\n<td style=\"width: 306px\">adiunkt<\/td>\n<\/tr>\n<tr>\n<td style=\"width: 184px\"><strong>Numer pokoju w IKSI<\/strong><\/td>\n<td style=\"width: 306px\">3.246<\/td>\n<\/tr>\n<tr>\n<td style=\"width: 184px\"><strong>E-mail<\/strong><\/td>\n<td style=\"width: 306px\">darioprola@uw.edu.pl<\/td>\n<\/tr>\n<tr>\n<td style=\"width: 184px\"><strong>Dy\u017cur<\/strong><\/td>\n<td style=\"width: 306px\" width=\"302\">wtorek, godz.8.30 &#8211; 9.30<\/td>\n<\/tr>\n<\/tbody>\n<\/table>\n<\/div><\/div>\n<div class=\"su-tabs-pane su-u-clearfix su-u-trim\" data-title=\"Przebieg kariery\">\n<ul>\n<li>doktor habilitowany nauk humanistycznych w zakresie literaturoznawstwa, Uniwersytet Warszawski, 2019<\/li>\n<li>w\u0142oska habilitacja w zakresie literaturoznawstwa polonistycznego, 2018<\/li>\n<li>doktor nauk humanistycznych w zakresie literaturoznawstwa, Uniwersytet w Turynie, 2008<\/li>\n<li>magister\u00a0\u00a0\u00a0 filologii\u00a0\u00a0\u00a0 w\u00a0\u00a0\u00a0 zakresie\u00a0\u00a0\u00a0 literaturoznawstwa w\u0142oskiego, Uniwersytet w Turynie, 2001<\/li>\n<\/ul>\n<\/div>\n<div class=\"su-tabs-pane su-u-clearfix su-u-trim\" data-title=\"Zainteresowania naukowe\">\n<ul>\n<li>w\u0142oska literatura wsp\u00f3\u0142czesna<\/li>\n<li>polska literatura wsp\u00f3\u0142czesna<\/li>\n<li>polsko-w\u0142oskie zwi\u0105zki kulturowe<\/li>\n<li>przek\u0142ad literacki<\/li>\n<\/ul>\n<\/div>\n<div class=\"su-tabs-pane su-u-clearfix su-u-trim\" data-title=\"Wybrane publikacje\">\n<div class=\"su-table su-table-responsive su-table-alternate su-table-fixed\">\n<table style=\"width: 100%\">\n<tbody>\n<tr>\n<td style=\"width: 11.2583%\"><strong>Ksi\u0105\u017cki<\/strong><\/td>\n<td style=\"width: 87.6821%\" width=\"438\">\n<ul>\n<li>Prola, D. (2018), <em>\u2018Spossato dalla bellezza\u2019. L\u2019Italia nella scrittura di Jaros\u0142aw Iwaszkiewicz<\/em>.\u00a0 Alessandria.<\/li>\n<li><span style=\"font-family: inherit;font-size: inherit\">Prola, D. (2014), <\/span><em style=\"font-family: inherit;font-size: inherit\">Mito e rappresentazione della citt\u00e0 nella letteratura polacca<\/em><span style=\"font-family: inherit;font-size: inherit\">. Roma.<\/span><\/li>\n<\/ul>\n<\/td>\n<\/tr>\n<tr>\n<td style=\"width: 11.2583%\"><strong>Rozdzia\u0142y<\/strong><\/td>\n<td style=\"width: 87.6821%\">\n<ul>\n<li>Prola, D. (2018), <em>Gli Appunti italiani di Maria Kuncewiczowa: la testimonianza di una straniera<\/em>, (w:) M. Mart\u00edn Clavijo\/ M. Bianchi (red.), Desafiando al olvido: escritoras italianas in\u00e9ditas. Salamanca, s. 265-277.<\/li>\n<li>Prola, D. (2018), <em>Wis\u0142awa Szymborska traduttrice di Gaspara Stampa<\/em>, (w:) L. Masi\/ E. Nicewicz-Staszowska (red.), \u015acie\u017cki s\u0142\u00f3w. Dialogi polsko-w\u0142oskie w przek\u0142adach. Warszawa, s. 37-47.<\/li>\n<li>Prola, D. (2017), <em>O ptakach, kwiatach i innych realiach: Iwaszkiewicz jako t\u0142umacz Quasimodo<\/em>, (w:) G. Brogi Bercoff\/ M. Ciccarini\/ M. Soko\u0142owski (red.), Inna komparatystyka. Od dokumentu do wyobra\u017ani. Warszawa, s. 169-198.<\/li>\n<li>Prola, D. (2017), <em>Lo spazio mitico come fondamento dell\u2019identit\u00e0 nazionale. I Kresy nella letteratura polacca<\/em>, (w:) M. Geat (red.), Il pensiero letterario come fondamento di una testa ben fatta. Roma, s. 49-64.<\/li>\n<li>Prola, D. (2016), <em>B\u00f3g zap\u0142acz! di W\u0142odzimierz Kowalewski: variazioni sul modello distopico<\/em>, (w:) L. Banjanin\/ K. Jaworska (red.), Disappartenenze. Figure del distacco e altre solitudini nelle letterature dell\u2019Europa centro-orientale. Bari, s. 331-347.<\/li>\n<\/ul>\n<\/td>\n<\/tr>\n<tr>\n<td style=\"width: 11.2583%\"><strong>Artyku\u0142y<\/strong><\/td>\n<td style=\"width: 87.6821%\">\n<ul>\n<li>Prola, D. (2018),<em> Le forme del fantastico quotidiano nei racconti di Giovanni Arpino<\/em>, (w): \u201eActa Philologica\u201d 52, s. 155-163.<\/li>\n<li>Prola, D. (2018), <em>I \u2018Diari\u2019 di Jaros\u0142aw Iwaszkiewicz: cronistoria, confessione, plurivocit\u00e0<\/em>, (w:) \u201eIl confronto letterario\u201d 69, s. 121-143.<\/li>\n<li>Prola, D. (2017), <em>Raccontare per ricostruire: sulla recente prosa urbanistica polacca<\/em>, (w:) \u201ePL.IT\/Rassegna italiana di argomenti polacchi\u201d 8, s. 129-143.<\/li>\n<li>Prola, D. (2017), <em>I<\/em><em>waszkiewicz e la lirica italiana: tra imitazione e traduzione<\/em>, (w:) \u201eKwartalnik Neofilologiczny\u201d 4, s. 549-558.<\/li>\n<li>Prola, D. (2016), <em>\u2018Viagger\u00f2 col cuore di Ko\u015bciuszko\u2019: sui rapporti polacchi di Arrigo Boito<\/em>, (w:) \u201eKwartalnik Neofilologiczny\u201d 2, s. 215-225.<\/li>\n<\/ul>\n<\/td>\n<\/tr>\n<\/tbody>\n<\/table>\n<\/div><\/div>\n<div class=\"su-tabs-pane su-u-clearfix su-u-trim\" data-title=\"Linki do osobistych profili naukowych\/zawodowych\"><a href=\"https:\/\/pbn.nauka.gov.pl\/core\/#\/person\/view\/5e709359878c28a0473a7cc0\/current\">https:\/\/pbn.nauka.gov.pl\/core\/#\/person\/view\/5e709359878c28a0473a7cc0\/current<\/a><\/p>\n<\/div>\n<div class=\"su-tabs-pane su-u-clearfix su-u-trim\" data-title=\"Wi\u0119cej\"><a href=\"http:\/\/iksi.uw.edu.pl\/wp-content\/uploads\/sites\/301\/2022\/02\/Dzialalnosc-dydaktyczna-i-organizacyjna-na-rzecz-UW.pdf\">Dzia\u0142alno\u015b\u0107 dydaktyczna i organizacyjna na rzecz UW<\/a><\/div><\/div><\/div>\n","protected":false},"excerpt":{"rendered":"","protected":false},"author":872,"featured_media":0,"parent":55,"menu_order":0,"comment_status":"closed","ping_status":"closed","template":"","meta":{"_mc_calendar":[],"_links_to":"","_links_to_target":""},"acf":[],"_links":{"self":[{"href":"http:\/\/iksi.uw.edu.pl\/it\/wp-json\/wp\/v2\/pages\/694"}],"collection":[{"href":"http:\/\/iksi.uw.edu.pl\/it\/wp-json\/wp\/v2\/pages"}],"about":[{"href":"http:\/\/iksi.uw.edu.pl\/it\/wp-json\/wp\/v2\/types\/page"}],"author":[{"embeddable":true,"href":"http:\/\/iksi.uw.edu.pl\/it\/wp-json\/wp\/v2\/users\/872"}],"replies":[{"embeddable":true,"href":"http:\/\/iksi.uw.edu.pl\/it\/wp-json\/wp\/v2\/comments?post=694"}],"version-history":[{"count":12,"href":"http:\/\/iksi.uw.edu.pl\/it\/wp-json\/wp\/v2\/pages\/694\/revisions"}],"predecessor-version":[{"id":5690,"href":"http:\/\/iksi.uw.edu.pl\/it\/wp-json\/wp\/v2\/pages\/694\/revisions\/5690"}],"up":[{"embeddable":true,"href":"http:\/\/iksi.uw.edu.pl\/it\/wp-json\/wp\/v2\/pages\/55"}],"wp:attachment":[{"href":"http:\/\/iksi.uw.edu.pl\/it\/wp-json\/wp\/v2\/media?parent=694"}],"curies":[{"name":"wp","href":"https:\/\/api.w.org\/{rel}","templated":true}]}}