{"id":7459,"date":"2023-06-12T11:18:53","date_gmt":"2023-06-12T09:18:53","guid":{"rendered":"http:\/\/iksi.uw.edu.pl\/?page_id=7459"},"modified":"2026-01-09T10:10:07","modified_gmt":"2026-01-09T09:10:07","slug":"amms","status":"publish","type":"page","link":"http:\/\/iksi.uw.edu.pl\/it\/amms\/","title":{"rendered":"Applied Multilingual and Multicultural Studies"},"content":{"rendered":"<div class=\"su-image-carousel  su-image-carousel-has-spacing su-image-carousel-has-lightbox su-image-carousel-has-outline su-image-carousel-adaptive su-image-carousel-slides-style-default su-image-carousel-controls-style-light su-image-carousel-align-center\" style=\"\" data-flickity-options='{\"groupCells\":true,\"cellSelector\":\".su-image-carousel-item\",\"adaptiveHeight\":true,\"cellAlign\":\"left\",\"prevNextButtons\":true,\"pageDots\":true,\"autoPlay\":3000,\"imagesLoaded\":true,\"contain\":false,\"selectedAttraction\":0.025,\"friction\":0.28}' id=\"su_image_carousel_6a0a09d5187c1\"><div class=\"su-image-carousel-item\"><div class=\"su-image-carousel-item-content\"><a href=\"http:\/\/iksi.strony.uw.edu.pl\/wp-content\/uploads\/sites\/301\/2023\/06\/amms_banners-4.png\" target=\"_blank\" rel=\"noopener noreferrer\" data-caption=\"\"><img width=\"1250\" height=\"417\" src=\"http:\/\/iksi.strony.uw.edu.pl\/wp-content\/uploads\/sites\/301\/2023\/06\/amms_banners-4.png\" class=\"\" alt=\"\" loading=\"lazy\" srcset=\"http:\/\/iksi.strony.uw.edu.pl\/wp-content\/uploads\/sites\/301\/2023\/06\/amms_banners-4.png 1250w, http:\/\/iksi.strony.uw.edu.pl\/wp-content\/uploads\/sites\/301\/2023\/06\/amms_banners-4-300x100.png 300w, http:\/\/iksi.strony.uw.edu.pl\/wp-content\/uploads\/sites\/301\/2023\/06\/amms_banners-4-1024x342.png 1024w, http:\/\/iksi.strony.uw.edu.pl\/wp-content\/uploads\/sites\/301\/2023\/06\/amms_banners-4-768x256.png 768w\" sizes=\"(max-width: 1250px) 100vw, 1250px\" \/><\/a><\/div><\/div><div class=\"su-image-carousel-item\"><div class=\"su-image-carousel-item-content\"><a href=\"http:\/\/iksi.strony.uw.edu.pl\/wp-content\/uploads\/sites\/301\/2023\/06\/amms_banners-1.png\" target=\"_blank\" rel=\"noopener noreferrer\" data-caption=\"\"><img width=\"1250\" height=\"417\" src=\"http:\/\/iksi.strony.uw.edu.pl\/wp-content\/uploads\/sites\/301\/2023\/06\/amms_banners-1.png\" class=\"\" alt=\"\" loading=\"lazy\" srcset=\"http:\/\/iksi.strony.uw.edu.pl\/wp-content\/uploads\/sites\/301\/2023\/06\/amms_banners-1.png 1250w, http:\/\/iksi.strony.uw.edu.pl\/wp-content\/uploads\/sites\/301\/2023\/06\/amms_banners-1-300x100.png 300w, http:\/\/iksi.strony.uw.edu.pl\/wp-content\/uploads\/sites\/301\/2023\/06\/amms_banners-1-1024x342.png 1024w, http:\/\/iksi.strony.uw.edu.pl\/wp-content\/uploads\/sites\/301\/2023\/06\/amms_banners-1-768x256.png 768w\" sizes=\"(max-width: 1250px) 100vw, 1250px\" \/><\/a><\/div><\/div><div class=\"su-image-carousel-item\"><div class=\"su-image-carousel-item-content\"><a href=\"http:\/\/iksi.strony.uw.edu.pl\/wp-content\/uploads\/sites\/301\/2023\/06\/amms_banners-3.png\" target=\"_blank\" rel=\"noopener noreferrer\" data-caption=\"\"><img width=\"1250\" height=\"417\" src=\"http:\/\/iksi.strony.uw.edu.pl\/wp-content\/uploads\/sites\/301\/2023\/06\/amms_banners-3.png\" class=\"\" alt=\"\" loading=\"lazy\" srcset=\"http:\/\/iksi.strony.uw.edu.pl\/wp-content\/uploads\/sites\/301\/2023\/06\/amms_banners-3.png 1250w, http:\/\/iksi.strony.uw.edu.pl\/wp-content\/uploads\/sites\/301\/2023\/06\/amms_banners-3-300x100.png 300w, http:\/\/iksi.strony.uw.edu.pl\/wp-content\/uploads\/sites\/301\/2023\/06\/amms_banners-3-1024x342.png 1024w, http:\/\/iksi.strony.uw.edu.pl\/wp-content\/uploads\/sites\/301\/2023\/06\/amms_banners-3-768x256.png 768w\" sizes=\"(max-width: 1250px) 100vw, 1250px\" \/><\/a><\/div><\/div><div class=\"su-image-carousel-item\"><div class=\"su-image-carousel-item-content\"><a href=\"http:\/\/iksi.strony.uw.edu.pl\/wp-content\/uploads\/sites\/301\/2023\/06\/amms_banners-2.png\" target=\"_blank\" rel=\"noopener noreferrer\" data-caption=\"\"><img width=\"1250\" height=\"417\" src=\"http:\/\/iksi.strony.uw.edu.pl\/wp-content\/uploads\/sites\/301\/2023\/06\/amms_banners-2.png\" class=\"\" alt=\"\" loading=\"lazy\" srcset=\"http:\/\/iksi.strony.uw.edu.pl\/wp-content\/uploads\/sites\/301\/2023\/06\/amms_banners-2.png 1250w, http:\/\/iksi.strony.uw.edu.pl\/wp-content\/uploads\/sites\/301\/2023\/06\/amms_banners-2-300x100.png 300w, http:\/\/iksi.strony.uw.edu.pl\/wp-content\/uploads\/sites\/301\/2023\/06\/amms_banners-2-1024x342.png 1024w, http:\/\/iksi.strony.uw.edu.pl\/wp-content\/uploads\/sites\/301\/2023\/06\/amms_banners-2-768x256.png 768w\" sizes=\"(max-width: 1250px) 100vw, 1250px\" \/><\/a><\/div><\/div><\/div><script id=\"su_image_carousel_6a0a09d5187c1_script\">if(window.SUImageCarousel){setTimeout(function() {window.SUImageCarousel.initGallery(document.getElementById(\"su_image_carousel_6a0a09d5187c1\"))}, 0);}var su_image_carousel_6a0a09d5187c1_script=document.getElementById(\"su_image_carousel_6a0a09d5187c1_script\");if(su_image_carousel_6a0a09d5187c1_script){su_image_carousel_6a0a09d5187c1_script.parentNode.removeChild(su_image_carousel_6a0a09d5187c1_script);}<\/script>\n<p>Lo scopo degli studi <strong>Applied<\/strong><strong> Multilingual and Multicultural Studies\u00a0(AM&amp;MS)<\/strong> \u00e8 di preparare i laureati a lavorare in un ambiente multilingue e multiculturale, dove \u00e8 essenziale avere una conoscenza fluente di diverse lingue straniere. La base concettuale della formazione \u00e8 l&#8217;integrazione della conoscenza accademica aggiornata e dei risultati del progresso nelle discipline scientifiche. Il programma di studi in <em>Applied Multilingual and Multicultural Studies <\/em>comprende moduli che forniscono ai laureati conoscenze, competenze e abilit\u00e0 relative a un&#8217;ampia gamma di questioni legate alla multilinguismo e alla multiculturalit\u00e0. Un aspetto fondamentale di questo corso di studi \u00e8 il suo carattere di ricerca interdisciplinare. Il programma copre una variet\u00e0 di argomenti da una prospettiva sociolinguistica, psicolinguistica e culturale. Sono inclusi corsi che preparano i laureati a condurre ulteriori ricerche e a candidarsi per gli studi di dottorato, a presentare domande di finanziamento e sovvenzioni, a partecipare a conferenze di ricerca, nonch\u00e9 a scrivere articoli scientifici e progetti di ricerca.<\/p>\n<p>&nbsp;<\/p>\n<p><a href=\"http:\/\/iksi.uw.edu.pl\/wp-content\/uploads\/sites\/301\/2023\/06\/AMMS_bannerPION.png\"><img loading=\"lazy\" class=\"aligncenter size-large wp-image-7500\" src=\"http:\/\/iksi.uw.edu.pl\/wp-content\/uploads\/sites\/301\/2023\/06\/AMMS_bannerPION-512x1024.png\" alt=\"\" width=\"512\" height=\"1024\" srcset=\"http:\/\/iksi.uw.edu.pl\/wp-content\/uploads\/sites\/301\/2023\/06\/AMMS_bannerPION-512x1024.png 512w, http:\/\/iksi.uw.edu.pl\/wp-content\/uploads\/sites\/301\/2023\/06\/AMMS_bannerPION-150x300.png 150w, http:\/\/iksi.uw.edu.pl\/wp-content\/uploads\/sites\/301\/2023\/06\/AMMS_bannerPION-768x1536.png 768w, http:\/\/iksi.uw.edu.pl\/wp-content\/uploads\/sites\/301\/2023\/06\/AMMS_bannerPION-1024x2048.png 1024w\" sizes=\"(max-width: 512px) 100vw, 512px\" \/><\/a><\/p>\n<p>&nbsp;","protected":false},"excerpt":{"rendered":"<p>Lo scopo degli studi Applied Multilingual and Multicultural Studies\u00a0(AM&amp;MS) \u00e8 di preparare i laureati a lavorare in un ambiente multilingue e multiculturale, dove \u00e8 essenziale [&hellip;]<\/p>\n","protected":false},"author":975,"featured_media":0,"parent":0,"menu_order":0,"comment_status":"closed","ping_status":"closed","template":"","meta":{"_mc_calendar":[],"_links_to":"","_links_to_target":""},"acf":[],"_links":{"self":[{"href":"http:\/\/iksi.uw.edu.pl\/it\/wp-json\/wp\/v2\/pages\/7459"}],"collection":[{"href":"http:\/\/iksi.uw.edu.pl\/it\/wp-json\/wp\/v2\/pages"}],"about":[{"href":"http:\/\/iksi.uw.edu.pl\/it\/wp-json\/wp\/v2\/types\/page"}],"author":[{"embeddable":true,"href":"http:\/\/iksi.uw.edu.pl\/it\/wp-json\/wp\/v2\/users\/975"}],"replies":[{"embeddable":true,"href":"http:\/\/iksi.uw.edu.pl\/it\/wp-json\/wp\/v2\/comments?post=7459"}],"version-history":[{"count":45,"href":"http:\/\/iksi.uw.edu.pl\/it\/wp-json\/wp\/v2\/pages\/7459\/revisions"}],"predecessor-version":[{"id":11196,"href":"http:\/\/iksi.uw.edu.pl\/it\/wp-json\/wp\/v2\/pages\/7459\/revisions\/11196"}],"wp:attachment":[{"href":"http:\/\/iksi.uw.edu.pl\/it\/wp-json\/wp\/v2\/media?parent=7459"}],"curies":[{"name":"wp","href":"https:\/\/api.w.org\/{rel}","templated":true}]}}