{"id":714,"date":"2019-10-23T18:38:52","date_gmt":"2019-10-23T16:38:52","guid":{"rendered":"http:\/\/iksi.strony.uw.edu.pl\/?page_id=714"},"modified":"2025-10-30T14:59:44","modified_gmt":"2025-10-30T13:59:44","slug":"dr-giulia-cilloni","status":"publish","type":"page","link":"http:\/\/iksi.uw.edu.pl\/ru\/pracownicy\/dr-giulia-cilloni\/","title":{"rendered":"dr Giulia Cilloni"},"content":{"rendered":"<div class=\"su-tabs su-tabs-style-default su-tabs-mobile-scroll su-tabs-vertical\" data-active=\"1\" data-scroll-offset=\"0\" data-anchor-in-url=\"no\"><div class=\"su-tabs-nav\"><span class=\"\" data-url=\"\" data-target=\"blank\" tabindex=\"0\" role=\"button\">Informacje<\/span><span class=\"\" data-url=\"\" data-target=\"blank\" tabindex=\"0\" role=\"button\">Przebieg kariery<\/span><span class=\"\" data-url=\"\" data-target=\"blank\" tabindex=\"0\" role=\"button\">Zainteresowania naukowe<\/span><span class=\"\" data-url=\"\" data-target=\"blank\" tabindex=\"0\" role=\"button\">Wybrane publikacje<\/span><span class=\"\" data-url=\"\" data-target=\"blank\" tabindex=\"0\" role=\"button\">Linki do osobistych profili naukowych\/zawodowych<\/span><span class=\"\" data-url=\"\" data-target=\"blank\" tabindex=\"0\" role=\"button\">Wi\u0119cej<\/span><\/div><div class=\"su-tabs-panes\"><div class=\"su-tabs-pane su-u-clearfix su-u-trim\" data-title=\"Informacje\">\n<div class=\"su-table su-table-responsive su-table-alternate su-table-fixed\">\n<table>\n<tbody>\n<tr>\n<td><strong>ORCID<\/strong><\/td>\n<td><a href=\"https:\/\/orcid.org\/0000-0001-6270-1951\" target=\"_blank\" rel=\"noopener noreferrer\">https:\/\/orcid.org\/0000-0001-6270-1951<\/a><\/td>\n<\/tr>\n<tr>\n<td><strong>Obszar naukowy<\/strong><\/td>\n<td>literaturoznawstwo<\/td>\n<\/tr>\n<tr>\n<td><strong>Stanowisko<\/strong><\/td>\n<td>asystent<\/td>\n<\/tr>\n<tr>\n<td><strong>Numer pokoju w IKSI<\/strong><\/td>\n<td>3.620<\/td>\n<\/tr>\n<tr>\n<td><strong>E-mail<\/strong><\/td>\n<td>giuliacilloni@uw.edu.pl<\/td>\n<\/tr>\n<tr>\n<td><strong>Dy\u017cur<\/strong><\/td>\n<td>pi\u0105tek 12.00-13.00<\/td>\n<\/tr>\n<\/tbody>\n<\/table>\n<\/div><\/div>\n<div class=\"su-tabs-pane su-u-clearfix su-u-trim\" data-title=\"Przebieg kariery\">\n<ul>\n<li>doktor nauk humanistycznych w zakresie literaturoznawstwa, Uniwersytet Warszawski, 2017<\/li>\n<li>magister filologii w\u0142oskiej, Uniwersytet Warszawski, 2010<\/li>\n<li>licencjat filologii polskiej, Uniwersytet Warszawski, 2009<\/li>\n<\/ul>\n<\/div>\n<div class=\"su-tabs-pane su-u-clearfix su-u-trim\" data-title=\"Zainteresowania naukowe\">\n<ul>\n<li>literatura XIX wieku<\/li>\n<li>literatura kobieca<\/li>\n<li>gender studies<\/li>\n<li>cultural studies<\/li>\n<li>w\u0142osko-polskie kontakty kulturowe<\/li>\n<\/ul>\n<\/div>\n<div class=\"su-tabs-pane su-u-clearfix su-u-trim\" data-title=\"Wybrane publikacje\">\n<div class=\"su-table su-table-responsive su-table-alternate su-table-fixed\">\n<table style=\"width: 100%\">\n<tbody>\n<tr>\n<td style=\"width: 11.2583%\"><strong>Ksi\u0105\u017cki<\/strong><\/td>\n<td style=\"width: 87.6821%\" width=\"438\"><\/td>\n<\/tr>\n<tr>\n<td style=\"width: 11.2583%\"><strong>Rozdzia\u0142y<\/strong><\/td>\n<td style=\"width: 87.6821%\">\n<ul>\n<li>Cilloni-Ga\u017adzi\u0144ska, G. (2019), <em>La figura fantasmatica della scrittrice ottocentesca, <\/em>(w:) A. Tylusi\u0144ska-Kowalska, D. Lipszyc, G. Cilloni-Ga\u017adzi\u0144ska (red.), Altre. Il doppio e le alterit\u00e0 femminili nella cultura italiana ed europea, Warszawa, s. 25-39.<\/li>\n<li>Cilloni-Ga\u017adzi\u0144ska, G. (2017),<em> Narrazioni dell\u2019indicibile e manifestazioni della soggettivita\u0300 femminile nel romanzo verista di Neera,<\/em> (w:) M. M. Clavijo (red.), Escrituras autobiogr\u00e1ficas y canon Literario<em>, <\/em>Benilde Ediciones, Sevilla, s. 75-96.<\/li>\n<\/ul>\n<\/td>\n<\/tr>\n<tr>\n<td style=\"width: 11.2583%\"><strong>Artyku\u0142y<\/strong><\/td>\n<td style=\"width: 87.6821%\">\n<ul>\n<li>Cilloni<em>, <\/em>G.\u00a0 (2010),<em> Donne-guerriere nella lotta risorgimentale<\/em>, (w:)<em> \u201e<\/em>Kwartalnik Neofilologiczny\u201d 4, s. 463-473.<\/li>\n<li>Cilloni<em>, <\/em>G.\u00a0 (2013), <em>La partecipazione delle donne al movimento cospiratorio risorgimentale<\/em>, (w:)<em> \u201e<\/em>Kwartalnik Neofilologiczny\u201d 2, 225-237.<\/li>\n<li>Cilloni, G. (2014), <em>Le \u00abMadonne\u00bb italiane di Maria Konopnicka<\/em>, (w:) \u201eStudia Scientifica Facultatis Paedagogicae\u201d 5, s. 225-237.<\/li>\n<li>Cilloni-Ga\u017adzi\u0144ska<em>, <\/em>G.\u00a0 (2016),<em> Neera e il concetto della \u201cDonna nuova\u201d dell\u2019Italia postunitaria<\/em>, (w:)<em> \u201e<\/em>Kwartalnik Neofilologiczny\u201d 2, s. 244-252.<\/li>\n<\/ul>\n<\/td>\n<\/tr>\n<\/tbody>\n<\/table>\n<\/div><\/div>\n<div class=\"su-tabs-pane su-u-clearfix su-u-trim\" data-title=\"Linki do osobistych profili naukowych\/zawodowych\">\n<\/div>\n<div class=\"su-tabs-pane su-u-clearfix su-u-trim\" data-title=\"Wi\u0119cej\"><\/div><\/div><\/div><div class=\"su-tabs su-tabs-style-default su-tabs-mobile-scroll su-tabs-vertical\" data-active=\"1\" data-scroll-offset=\"0\" data-anchor-in-url=\"no\"><div class=\"su-tabs-nav\"><span class=\"\" data-url=\"\" data-target=\"blank\" tabindex=\"0\" role=\"button\">Informacje<\/span><span class=\"\" data-url=\"\" data-target=\"blank\" tabindex=\"0\" role=\"button\">Przebieg kariery<\/span><span class=\"\" data-url=\"\" data-target=\"blank\" tabindex=\"0\" role=\"button\">Zainteresowania naukowe<\/span><span class=\"\" data-url=\"\" data-target=\"blank\" tabindex=\"0\" role=\"button\">Wybrane publikacje<\/span><span class=\"\" data-url=\"\" data-target=\"blank\" tabindex=\"0\" role=\"button\">Linki do osobistych profili naukowych\/zawodowych<\/span><span class=\"\" data-url=\"\" data-target=\"blank\" tabindex=\"0\" role=\"button\">Wi\u0119cej<\/span><\/div><div class=\"su-tabs-panes\"><div class=\"su-tabs-pane su-u-clearfix su-u-trim\" data-title=\"Informacje\">\n<div class=\"su-table su-table-responsive su-table-alternate su-table-fixed\">\n<table>\n<tbody>\n<tr>\n<td><strong>ORCID<\/strong><\/td>\n<td><a href=\"https:\/\/orcid.org\/0000-0001-6270-1951\" target=\"_blank\" rel=\"noopener noreferrer\">https:\/\/orcid.org\/0000-0001-6270-1951<\/a><\/td>\n<\/tr>\n<tr>\n<td><strong>Obszar naukowy<\/strong><\/td>\n<td>literaturoznawstwo<\/td>\n<\/tr>\n<tr>\n<td><strong>Stanowisko<\/strong><\/td>\n<td>asystent<\/td>\n<\/tr>\n<tr>\n<td><strong>Numer pokoju w IKSI<\/strong><\/td>\n<td>3.620<\/td>\n<\/tr>\n<tr>\n<td><strong>E-mail<\/strong><\/td>\n<td>giuliacilloni@uw.edu.pl<\/td>\n<\/tr>\n<tr>\n<td><strong>Dy\u017cur<\/strong><\/td>\n<td>pi\u0105tek 12.00-13.00<\/td>\n<\/tr>\n<\/tbody>\n<\/table>\n<\/div><\/div>\n<div class=\"su-tabs-pane su-u-clearfix su-u-trim\" data-title=\"Przebieg kariery\">\n<ul>\n<li>doktor nauk humanistycznych w zakresie literaturoznawstwa, Uniwersytet Warszawski, 2017<\/li>\n<li>magister filologii w\u0142oskiej, Uniwersytet Warszawski, 2010<\/li>\n<li>licencjat filologii polskiej, Uniwersytet Warszawski, 2009<\/li>\n<\/ul>\n<\/div>\n<div class=\"su-tabs-pane su-u-clearfix su-u-trim\" data-title=\"Zainteresowania naukowe\">\n<ul>\n<li>literatura XIX wieku<\/li>\n<li>literatura kobieca<\/li>\n<li>gender studies<\/li>\n<li>cultural studies<\/li>\n<li>w\u0142osko-polskie kontakty kulturowe<\/li>\n<\/ul>\n<\/div>\n<div class=\"su-tabs-pane su-u-clearfix su-u-trim\" data-title=\"Wybrane publikacje\">\n<div class=\"su-table su-table-responsive su-table-alternate su-table-fixed\">\n<table style=\"width: 100%\">\n<tbody>\n<tr>\n<td style=\"width: 11.2583%\"><strong>Ksi\u0105\u017cki<\/strong><\/td>\n<td style=\"width: 87.6821%\" width=\"438\"><\/td>\n<\/tr>\n<tr>\n<td style=\"width: 11.2583%\"><strong>Rozdzia\u0142y<\/strong><\/td>\n<td style=\"width: 87.6821%\">\n<ul>\n<li>Cilloni-Ga\u017adzi\u0144ska, G. (2019), <em>La figura fantasmatica della scrittrice ottocentesca, <\/em>(w:) A. Tylusi\u0144ska-Kowalska, D. Lipszyc, G. Cilloni-Ga\u017adzi\u0144ska (red.), Altre. Il doppio e le alterit\u00e0 femminili nella cultura italiana ed europea, Warszawa, s. 25-39.<\/li>\n<li>Cilloni-Ga\u017adzi\u0144ska, G. (2017),<em> Narrazioni dell\u2019indicibile e manifestazioni della soggettivita\u0300 femminile nel romanzo verista di Neera,<\/em> (w:) M. M. Clavijo (red.), Escrituras autobiogr\u00e1ficas y canon Literario<em>, <\/em>Benilde Ediciones, Sevilla, s. 75-96.<\/li>\n<\/ul>\n<\/td>\n<\/tr>\n<tr>\n<td style=\"width: 11.2583%\"><strong>Artyku\u0142y<\/strong><\/td>\n<td style=\"width: 87.6821%\">\n<ul>\n<li>Cilloni<em>, <\/em>G.\u00a0 (2010),<em> Donne-guerriere nella lotta risorgimentale<\/em>, (w:)<em> \u201e<\/em>Kwartalnik Neofilologiczny\u201d 4, s. 463-473.<\/li>\n<li>Cilloni<em>, <\/em>G.\u00a0 (2013), <em>La partecipazione delle donne al movimento cospiratorio risorgimentale<\/em>, (w:)<em> \u201e<\/em>Kwartalnik Neofilologiczny\u201d 2, 225-237.<\/li>\n<li>Cilloni, G. (2014), <em>Le \u00abMadonne\u00bb italiane di Maria Konopnicka<\/em>, (w:) \u201eStudia Scientifica Facultatis Paedagogicae\u201d 5, s. 225-237.<\/li>\n<li>Cilloni-Ga\u017adzi\u0144ska<em>, <\/em>G.\u00a0 (2016),<em> Neera e il concetto della \u201cDonna nuova\u201d dell\u2019Italia postunitaria<\/em>, (w:)<em> \u201e<\/em>Kwartalnik Neofilologiczny\u201d 2, s. 244-252.<\/li>\n<\/ul>\n<\/td>\n<\/tr>\n<\/tbody>\n<\/table>\n<\/div><\/div>\n<div class=\"su-tabs-pane su-u-clearfix su-u-trim\" data-title=\"Linki do osobistych profili naukowych\/zawodowych\">\n<\/div>\n<div class=\"su-tabs-pane su-u-clearfix su-u-trim\" data-title=\"Wi\u0119cej\"><\/div><\/div><\/div>","protected":false},"excerpt":{"rendered":"","protected":false},"author":872,"featured_media":0,"parent":55,"menu_order":0,"comment_status":"closed","ping_status":"closed","template":"","meta":{"_mc_calendar":[],"_links_to":"","_links_to_target":""},"acf":[],"_links":{"self":[{"href":"http:\/\/iksi.uw.edu.pl\/ru\/wp-json\/wp\/v2\/pages\/714"}],"collection":[{"href":"http:\/\/iksi.uw.edu.pl\/ru\/wp-json\/wp\/v2\/pages"}],"about":[{"href":"http:\/\/iksi.uw.edu.pl\/ru\/wp-json\/wp\/v2\/types\/page"}],"author":[{"embeddable":true,"href":"http:\/\/iksi.uw.edu.pl\/ru\/wp-json\/wp\/v2\/users\/872"}],"replies":[{"embeddable":true,"href":"http:\/\/iksi.uw.edu.pl\/ru\/wp-json\/wp\/v2\/comments?post=714"}],"version-history":[{"count":19,"href":"http:\/\/iksi.uw.edu.pl\/ru\/wp-json\/wp\/v2\/pages\/714\/revisions"}],"predecessor-version":[{"id":10868,"href":"http:\/\/iksi.uw.edu.pl\/ru\/wp-json\/wp\/v2\/pages\/714\/revisions\/10868"}],"up":[{"embeddable":true,"href":"http:\/\/iksi.uw.edu.pl\/ru\/wp-json\/wp\/v2\/pages\/55"}],"wp:attachment":[{"href":"http:\/\/iksi.uw.edu.pl\/ru\/wp-json\/wp\/v2\/media?parent=714"}],"curies":[{"name":"wp","href":"https:\/\/api.w.org\/{rel}","templated":true}]}}